{"id":1454,"date":"2020-10-01T10:05:26","date_gmt":"2020-10-01T10:05:26","guid":{"rendered":"https:\/\/conficon-hostesses.com\/?page_id=1454"},"modified":"2020-10-01T10:05:26","modified_gmt":"2020-10-01T10:05:26","slug":"politica-de-privacidad","status":"publish","type":"page","link":"https:\/\/conficon-hostesses.com\/es\/politica-de-privacidad\/","title":{"rendered":"Pol\u00edtica de privacidad"},"content":{"rendered":"<h3>Informaci\u00f3n b\u00e1sica sobre Protecci\u00f3n de Datos<\/h3>\n<p><strong>Responsable del tratamiento<\/strong>: CONFICON HOSTESSES SL <\/p>\n<p><strong>Finalidades del tratamiento:<\/strong><br \/>\n    \u2022 P\u00e1gina web informativa.<br \/>\n    \u2022 Gesti\u00f3n de consultas a trav\u00e9s de formularios.<br \/>\n    \u2022 Acceso al \u00e1rea privada.<\/p>\n<p><strong>Legitimaci\u00f3n del tratamiento<\/strong><br \/>\n    \u2022 Consentimiento expreso del interesado.<br \/>\n    \u2022 Ejecuci\u00f3n de un contrato o aplicaci\u00f3n de medidas precontractuales.<br \/>\n    \u2022 Inter\u00e9s leg\u00edtimo para el tratamiento de datos.<br \/>\n    \u2022 Cumplimiento de obligaciones legales.<\/p>\n<p><strong>Conservaci\u00f3n de los datos<\/strong><br \/>\n    \u2022 Los datos se conservar\u00e1n durante el tiempo estrictamente necesario para cumplir con las finalidades recogidas;  siempre que el interesado no revoque su consentimiento, as\u00ed como para el cumplimiento de las obligaciones legales.<\/p>\n<p><strong>Destinatarios<\/strong><br \/>\n    \u2022 Los datos personales recopilados a trav\u00e9s del sitio web no se transferir\u00e1n a terceros. Sin perjuicio de aquellos terceros que presten servicios a CONFICON HOSTESSES SL  con la finalidad de gestionar la prestaci\u00f3n de los servicios, la relaci\u00f3n contractual y\/o precontractual con los interesados o tramitar solicitudes formuladas por estos.<\/p>\n<p><strong>Derechos de los interesados<\/strong><br \/>\n    \u2022 Acceso, rectificaci\u00f3n, oposici\u00f3n, supresi\u00f3n (\u2018derecho al olvido), limitaci\u00f3n del tratamiento, portabilidad y de no ser objeto de decisiones individualizadas. <\/p>\n<p><strong>Sitios web:<\/strong><br \/>\n    \u2022 P\u00e1gina web principal: https:\/\/www.conficon-hostesses.com<br \/>\n    \u2022 Perfiles en redes sociales:<br \/>\n        \u25e6 Twitter<br \/>\n        \u25e6 Facebook<br \/>\n        \u25e6 Instagram<\/p>\n<p><strong>Informaci\u00f3n adicional<\/strong><br \/>\n    \u2022 Puede consultar la informaci\u00f3n adicional y detallada sobre Protecci\u00f3n de Datos en las cl\u00e1usulas anexas que se encuentran a continuaci\u00f3n.<\/p>\n<h3>INFORMACI\u00d3N ADICIONAL SOBRE PROTECCI\u00d3N DE DATOS<\/h3>\n<p>De conformidad con lo establecido en los arts. 13 y 14 del REGLAMENTO (UE) 2016\/679 DEL PARLAMENTO EUROPEO Y DEL CONSEJO de 27 de abril de 2016, relativo a la protecci\u00f3n de las personas f\u00edsicas en lo que respecta al tratamiento de datos personales y a la libre circulaci\u00f3n de estos datos (en adelante, \u201cRGPD\u201d), y los art\u00edculos 6 y 11 de la Ley Org\u00e1nica 3\/2018, de 5 de diciembre, de Protecci\u00f3n de Datos de Car\u00e1cter Personal y garant\u00eda de los derechos digitales (en adelante, \u201cLOPDGDD\u201d), por el que se regula el derecho de informaci\u00f3n en la recogida de datos, le informamos de los siguientes extremos.<\/p>\n<h3>\u00bfQui\u00e9n es el responsable del tratamiento de tus datos personales?<\/h3>\n<p>Los datos de car\u00e1cter personal que nos ha suministrado a trav\u00e9s de la p\u00e1gina web y en cualesquiera otras comunicaciones mantenidas con usted ser\u00e1n objeto del Registro de Actividades de Tratamiento titularidad de <strong>CONFICON HOSTESSES SL<\/strong>, con domicilio social sito en la calle Francesc Gimeno, n\u00fam. 1 de Tortosa, 43500, Espa\u00f1a y correo electr\u00f3nico rgpd@conficon-hostesses.com <\/p>\n<h3>\u00bfQu\u00e9 presencia tiene en las redes sociales?<\/h3>\n<p>CONFICON HOSTESSES SL , cuenta con los siguientes perfiles en las principales redes sociales de Internet: Twitter, Instagram y Facebook. <\/p>\n<p>Los usuarios, al unirse a la p\u00e1gina de CONFICON HOSTESSES SL  consienten el tratamiento de aquellos datos personales publicados en su perfil. CONFICON HOSTESSES SL  tendr\u00e1 acceso a la informaci\u00f3n p\u00fablica del perfil del usuario, podr\u00e1 realizar publicaciones en el perfil del usuario de toda aquella informaci\u00f3n ya publicada en su perfil as\u00ed como realizar actualizaciones del estado de la p\u00e1gina que se publicar\u00e1n en el perfil del usuario. Del mismo modo, CONFICON HOSTESSES SL  podr\u00e1 utilizar estos perfiles para informar a sus usuarios de temas que considere de su inter\u00e9s, incluso a trav\u00e9s de comunicaciones personales e individuales mediante los canales establecidos por las referidas redes sociales. <\/p>\n<p>En este sentido, CONFICON HOSTESSES SL  se reconoce como responsable del tratamiento de los datos de sus usuarios, seguidores, o personas que realicen comentarios a trav\u00e9s de sus redes sociales. Sin perjuicio de que, de acuerdo con la Ley de Servicios de la Sociedad de la Informaci\u00f3n y de Comercio Electr\u00f3nico, CONFICON HOSTESSES SL  se exonere de cualquier tipo de responsabilidad derivada de cualquier tipo de contenidos publicados por los usuarios y seguidores en sus redes sociales. <\/p>\n<p>CONFICON HOSTESSES SL  se reserva el derecho a realizar concursos y promociones, en los que podr\u00e1 participar el usuario unido a su p\u00e1gina. Las bases de cada uno de ellos, cuando se utilice para ello la plataforma de la red social, ser\u00e1n publicadas en la misma. Cumpliendo siempre con la LSSI-CE y con cualquier otra norma que le sea de aplicaci\u00f3n.<\/p>\n<p>La red social no patrocina, avala ni administra, de modo alguno, ninguna de nuestras promociones, ni est\u00e1 asociada a ninguna de ellas.<\/p>\n<h3>\u00bfQu\u00e9 datos personales recopilamos?<\/h3>\n<p>Los datos personales que el usuario puede llegar a proporcionar:<br \/>\n    \u2022 Nombre y apellidos.<br \/>\n    \u2022 N\u00famero de tel\u00e9fono<br \/>\n    \u2022 Direcci\u00f3n de correo electr\u00f3nico. <\/p>\n<p>En algunos casos, es obligatoria la cumplimentaci\u00f3n de un formulario para poder contactar con nosotros. No facilitar los datos personales solicitados o el no aceptar la presente pol\u00edtica de protecci\u00f3n de datos supone la imposibilidad de contactar con nosotros a trav\u00e9s de la p\u00e1gina web.<\/p>\n<h3>\u00bfPor qu\u00e9 y para qu\u00e9 tratamos tus datos?<\/h3>\n<p>Dependiendo de las finalidades necesitaremos tratar unos datos u otros, que en general ser\u00e1n, seg\u00fan el caso, las siguientes:<\/p>\n<p>    \u2022 La p\u00e1gina web es totalmente informativa sobre los servicios que ofrece CONFICON HOSTESSES SL. Los datos pueden ser tratados para responder a las solicitudes de informaci\u00f3n sobre estos servicios.<br \/>\n    \u2022 La recogida y el tratamiento automatizado de datos que se realiza a trav\u00e9s del formulario de la p\u00e1gina web para solicitar informaci\u00f3n se recolecta con el objeto de estudiar la posibilidad de contactar con nosotros. <\/p>\n<p>La p\u00e1gina web incorpora enlaces que facilitan el acceso al \u00e1rea privada a trav\u00e9s de la cual CONFICON HOSTESSES SL  se comunica y relaciona con sus usuarios registrados.<\/p>\n<p>Los datos personales que se obtengan a trav\u00e9s de cualquiera de los canales de la p\u00e1gina web formar\u00e1n parte del Registro de Actividades y operaciones de Tratamiento (RAT) titularidad de CONFICON HOSTESSES SL. Este se actualizar\u00e1 peri\u00f3dicamente de acuerdo con lo establecido en el RGPD; CONFICON HOSTESSES SL   ha adoptado todas las medidas de seguridad pertinentes en este sentido. <\/p>\n<p>Se informa al usuario de la posibilidad de retirar su consentimiento en el caso de que se haya otorgado para alguna finalidad espec\u00edfica, sin que ello afecte a la licitud del tratamiento precedente basado en el consentimiento previo a su retirada.<\/p>\n<h3>\u00bfCu\u00e1l es la legitimaci\u00f3n para el tratamiento de tus datos?<\/h3>\n<p>El tratamiento de tus datos puede fundamentarse en las siguientes bases legales: <\/p>\n<ul>\n<li>Consentimiento expreso por parte de los usuarios en la compleci\u00f3n de los formularios para la recibir comunicaciones por parte de CONFICON HOSTESSES SL.  <\/li>\n<li>Inter\u00e9s leg\u00edtimo en relaci\u00f3n con las siguientes finalidades:<br \/>\nElaboraci\u00f3n de perfiles mediante la navegaci\u00f3n en la p\u00e1gina web por parte de un cliente o usuario registrado, as\u00ed como de todos aquellos usuarios que nos hayan facilitado los datos para cualquier otra finalidad. <\/p>\n<p>El inter\u00e9s leg\u00edtimo de CONFICON HOSTESSES SL . consiste en poder garantizar que nuestra p\u00e1gina web permanezca segura, as\u00ed como ayudarnos a comprender las necesidades, expectativas y el nivel de satisfacci\u00f3n de los usuarios y, por lo tanto, mejorar nuestros servicios.<\/p>\n<p>Todas las acciones se realizan con el fin de mejorar el nivel de satisfacci\u00f3n de los usuarios y asegurar una experiencia \u00fanica de navegaci\u00f3n y eventual contrataci\u00f3n. <\/li>\n<li>Cumplimiento de obligaciones legales para prevenci\u00f3n del fraude, colaboraci\u00f3n con las Autoridades P\u00fablicas y\/o eventuales reclamaciones de terceros. <\/li>\n<h3>\u00bfCu\u00e1nto tiempo conservamos tus datos?<\/h3>\n<p>El tratamiento de los datos con las finalidades descritas se mantendr\u00e1 durante el tiempo necesario para cumplir con la finalidad de su recogida, as\u00ed como para el cumplimiento de las obligaciones legales que se deriven del tratamiento de los datos. Sin perjuicio de que la conservaci\u00f3n resulte necesaria para la formulaci\u00f3n, el ejercicio o la defensa de potenciales reclamaciones; siempre que lo permitiese la legislaci\u00f3n aplicable.<\/p>\n<p>CONFICON HOSTESSES SL , se compromete a cesar el tratamiento de los datos personales cuando haya finalizado el plazo de conservaci\u00f3n, as\u00ed como bloquearlos debidamente en nuestras bases de datos. <\/p>\n<h3>\u00bfA qu\u00e9 destinatarios se comunican tus datos?<\/h3>\n<p>De modo general, CONFICON HOSTESSES SL, no ceder\u00e1 datos personales a terceras partes, salvo en aquellas situaciones en que los mismos se puedan ceder a colaboradores que presten servicios a CONFICON HOSTESSES SL, con la finalidad de gestionar la prestaci\u00f3n de los servicios, la relaci\u00f3n contractual y\/o precontractual con los interesados o tramitar solicitudes formuladas por \u00e9stos. En estos casos, nos aseguramos de que los destinatarios respetan la confidencialidad y cuentan con las medidas adecuadas para proteger los datos personales. CONFICON HOSTESSES SL , procura garantizar la seguridad de los datos personales cuando se env\u00edan fuera de la empresa. Los terceros con los que CONFICON HOSTESSES SL  contrata tienen la obligaci\u00f3n de garantizar que la informaci\u00f3n se trata conforme con la normativa de protecci\u00f3n de datos vigente.<\/p>\n<p>En aquellos casos en los que la ley puede exigir que se revelen datos personales a organismos p\u00fablicos u otras partes, solo se revelar\u00e1 lo estrictamente necesario para el cumplimiento de dichas obligaciones legales. <\/p>\n<h3>\u00bfD\u00f3nde se almacenan tus datos? <\/h3>\n<p>Con car\u00e1cter general, los datos se almacenan en Espa\u00f1a (Malgrat de Mar, Barcelona), dentro de la Uni\u00f3n Europea (UE). Para garantizar un nivel protecci\u00f3n suficiente de los que se env\u00eden a terceros pa\u00edses que no pertenezcan a la UE, CONFICON HOSTESSES SL, tomar\u00e1 las medidas t\u00e9cnicas y organizativas suficientes.<\/p>\n<h3>\u00bfQu\u00e9 derechos te asisten y c\u00f3mo puedes ejercerlos? <\/h3>\n<p>Ustedes pueden dirigir sus comunicaciones y ejercitar sus derechos mediante una comunicaci\u00f3n escrita al siguiente correo electr\u00f3nico: rgpd@conficon-hostesses.com<\/p>\n<p>En virtud de lo que establece la normativa en protecci\u00f3n de datos puedes solicitar: <\/p>\n<p>    \u2022 <strong>Derecho de acceso:<\/strong> puedes pedir informaci\u00f3n de aquellos datos personales que dispongamos acerca de ti. <\/p>\n<p>    \u2022 <strong>Derecho de rectificaci\u00f3n:<\/strong> puedes comunicar cualquier cambio en tus datos personales. <\/p>\n<p>    \u2022 <strong>Derecho de supresi\u00f3n y al olvido:<\/strong> puedes solicitar la eliminaci\u00f3n previo bloqueo de los datos personales. <\/p>\n<p>    \u2022 <strong>Derecho de limitaci\u00f3n al tratamiento:<\/strong> supone la restricci\u00f3n del tratamiento de los datos personales. <\/p>\n<p>    \u2022 <strong>Derecho de oposici\u00f3n:<\/strong> puedes retirar el consentimiento del tratamiento de los datos, oponi\u00e9ndote a que se sigan tratando. <\/p>\n<p>    \u2022 Derecho a la portabilidad:<\/strong> en algunos casos, puedes pedir una copia de los datos personales en un formato estructurado, de uso com\u00fan y lectura mec\u00e1nica para su transmisi\u00f3n a otro responsable.<\/p>\n<p>    \u2022 <strong>Derecho a no ser objeto de decisiones individualizadas: puedes solicitar que no se tomen decisiones que se basen \u00fanicamente en el tratamiento automatizado, incluyendo la elaboraci\u00f3n de perfiles, que produzca efectos jur\u00eddicos o afecte significativamente al interesado. <\/p>\n<p>En algunos casos, se podr\u00e1 rechazar la solicitud si solicitas que se eliminen datos necesarios para el cumplimiento de obligaciones legales. Asimismo, si tienes alguna queja sobre el tratamiento de los datos puedes presentar una reclamaci\u00f3n a la autoridad competente en protecci\u00f3n de datos.<\/p>\n<h3>\u00bfQui\u00e9n es el responsable de la exactitud y veracidad de los datos facilitados?<\/h3>\n<p>El usuario es el \u00fanico responsable de la veracidad y correcci\u00f3n de los datos facilitados a trav\u00e9s de cualquiera de los formularios incorporados en la web, exonerando a CONFICON HOSTESSES SL  de cualquier responsabilidad al respecto. Los usuarios garantizan y responden, en cualquier caso, de la exactitud, vigencia y autenticidad de los datos personales facilitados, y se comprometen a mantenerlos debidamente actualizados. El usuario acepta proporcionar informaci\u00f3n completa y correcta en los formularios que cumplimente.<\/p>\n<p>CONFICON HOSTESSES SL  no responde de la veracidad de las informaciones que no sean de elaboraci\u00f3n propia y de las que se indique otra fuente, por lo que tampoco asume responsabilidad alguna en cuanto a hipot\u00e9ticos perjuicios que pudieran originarse por el uso de dicha informaci\u00f3n.<\/p>\n<p>Se exonera a CONFICON HOSTESSES SL  de responsabilidad ante cualquier da\u00f1o o perjuicio que pudiera sufrir el usuario como consecuencia de errores, defectos u omisiones, en la informaci\u00f3n facilitada por CONFICON HOSTESSES SL , siempre que \u00e9sta proceda de fuentes ajenas a ella. <\/p>\n<h3>\u00bfQu\u00e9 medidas de seguridad aplicamos para proteger tus datos personales? <\/h3>\n<p>CONFICON HOSTESSES SL  ha adoptado los niveles de seguridad de protecci\u00f3n de los datos personales legalmente requeridos, y procura instalar aquellos medios y medidas t\u00e9cnicas adicionales a su alcance para evitar la p\u00e9rdida, mal uso, alteraci\u00f3n, acceso no autorizado y robo de los datos personales facilitados a CONFICON HOSTESSES SL . No obstante, el usuario debe ser consciente de que las medidas de seguridad en Internet no son inexpugnables.<\/p>\n<p>Por ello, CONFICON HOSTESSES SL  no es responsable de hipot\u00e9ticos da\u00f1os o perjuicios que se pudieran derivar de interferencias, omisiones, interrupciones, virus inform\u00e1ticos, aver\u00edas telef\u00f3nicas o desconexiones en el funcionamiento operativo de este sistema electr\u00f3nico, motivadas por causas ajenas a CONFICON HOSTESSES SL .; de retrasos o bloqueos en el uso del presente sistema electr\u00f3nico causados por deficiencias o sobrecargas de l\u00edneas telef\u00f3nicas o sobrecargas en el Centro de Procesos de Datos, en el sistema de Internet o en otros sistemas electr\u00f3nicos, as\u00ed como de da\u00f1os que puedan ser causados por terceras personas mediante intromisiones ileg\u00edtimas fuera del control de CONFICON HOSTESSES SL.<\/p>\n<h3>\u00bfC\u00f3mo utilizamos las cookies?<\/h3>\n<p>El sitio web y las redes sociales de CONFICON HOSTESSES SL utilizan cookies, a los efectos de optimizar y personalizar su navegaci\u00f3n por las mismas. Las cookies son ficheros f\u00edsicos de informaci\u00f3n que se alojan en el propio terminal del usuario, la informaci\u00f3n recogida mediante las cookies sirve para facilitar la navegaci\u00f3n del usuario por el portal y optimizar la experiencia de navegaci\u00f3n. Los datos recopilados mediante las cookies pueden ser compartidos con los creadores de las mismas, pero en ning\u00fan caso la informaci\u00f3n obtenida por las mismas ser\u00e1 asociada a datos personales ni a datos que puedan identificar al usuario. Sin embargo, si el usuario no desea que se instalen cookies en su disco duro, tiene la posibilidad de configurar el navegador de tal modo que impida la instalaci\u00f3n de estos archivos. Para obtener m\u00e1s informaci\u00f3n consulte nuestra Pol\u00edtica de Cookies.<\/p>\n<h3>Pol\u00edtica de seguridad interna<\/h3>\n<p>Las brechas de seguridad pueden ser causadas por trabajadores, terceros o errores inform\u00e1ticos. Por ello, estamos obligados legalmente a notificar a los interesados si sus datos personales se han visto gravemente afectados en un plazo m\u00e1ximo de 72 horas. Adem\u00e1s, se notificar\u00e1 a los usuarios tan pronto como se resuelva la brecha de seguridad. <\/p>\n<h3>Modificaci\u00f3n de la pol\u00edtica de privacidad<\/h3>\n<p style=\"margin-bottom: 60px;\">Esta pol\u00edtica de privacidad puede modificarse. Te recomendamos que revises la pol\u00edtica de privacidad con cierta periodicidad.<\/p>\n","protected":false},"excerpt":{"rendered":"<p>Informaci\u00f3n b\u00e1sica sobre Protecci\u00f3n de Datos Responsable del tratamiento: CONFICON HOSTESSES SL Finalidades del tratamiento: \u2022 P\u00e1gina web informativa. \u2022 Gesti\u00f3n de consultas a trav\u00e9s de formularios. \u2022 Acceso al \u00e1rea privada. Legitimaci\u00f3n del tratamiento \u2022 Consentimiento expreso del interesado. \u2022 Ejecuci\u00f3n de un contrato o aplicaci\u00f3n de medidas precontractuales. \u2022 Inter\u00e9s leg\u00edtimo para el [&hellip;]<\/p>\n","protected":false},"author":1,"featured_media":0,"parent":0,"menu_order":0,"comment_status":"closed","ping_status":"closed","template":"","meta":{"_et_pb_use_builder":"","_et_pb_old_content":"","_et_gb_content_width":"","footnotes":""},"class_list":["post-1454","page","type-page","status-publish","hentry"],"yoast_head":"<!-- This site is optimized with the Yoast SEO plugin v26.8 - https:\/\/yoast.com\/product\/yoast-seo-wordpress\/ -->\n<title>Pol\u00edtica de privacidad - Conficon hostesses<\/title>\n<meta name=\"robots\" content=\"index, follow, max-snippet:-1, max-image-preview:large, max-video-preview:-1\" \/>\n<link rel=\"canonical\" href=\"https:\/\/conficon-hostesses.com\/es\/politica-de-privacidad\/\" \/>\n<meta property=\"og:locale\" content=\"es_ES\" \/>\n<meta property=\"og:type\" content=\"article\" \/>\n<meta property=\"og:title\" content=\"Pol\u00edtica de privacidad - Conficon hostesses\" \/>\n<meta property=\"og:description\" content=\"Informaci\u00f3n b\u00e1sica sobre Protecci\u00f3n de Datos Responsable del tratamiento: CONFICON HOSTESSES SL Finalidades del tratamiento: \u2022 P\u00e1gina web informativa. \u2022 Gesti\u00f3n de consultas a trav\u00e9s de formularios. \u2022 Acceso al \u00e1rea privada. Legitimaci\u00f3n del tratamiento \u2022 Consentimiento expreso del interesado. \u2022 Ejecuci\u00f3n de un contrato o aplicaci\u00f3n de medidas precontractuales. \u2022 Inter\u00e9s leg\u00edtimo para el [&hellip;]\" \/>\n<meta property=\"og:url\" content=\"https:\/\/conficon-hostesses.com\/es\/politica-de-privacidad\/\" \/>\n<meta property=\"og:site_name\" content=\"Conficon hostesses\" \/>\n<meta name=\"twitter:card\" content=\"summary_large_image\" \/>\n<meta name=\"twitter:label1\" content=\"Tiempo de lectura\" \/>\n\t<meta name=\"twitter:data1\" content=\"12 minutos\" \/>\n<script type=\"application\/ld+json\" class=\"yoast-schema-graph\">{\"@context\":\"https:\/\/schema.org\",\"@graph\":[{\"@type\":\"WebPage\",\"@id\":\"https:\/\/conficon-hostesses.com\/es\/politica-de-privacidad\/\",\"url\":\"https:\/\/conficon-hostesses.com\/es\/politica-de-privacidad\/\",\"name\":\"Pol\u00edtica de privacidad - Conficon hostesses\",\"isPartOf\":{\"@id\":\"https:\/\/conficon-hostesses.com\/es\/#website\"},\"datePublished\":\"2020-10-01T10:05:26+00:00\",\"breadcrumb\":{\"@id\":\"https:\/\/conficon-hostesses.com\/es\/politica-de-privacidad\/#breadcrumb\"},\"inLanguage\":\"es\",\"potentialAction\":[{\"@type\":\"ReadAction\",\"target\":[\"https:\/\/conficon-hostesses.com\/es\/politica-de-privacidad\/\"]}]},{\"@type\":\"BreadcrumbList\",\"@id\":\"https:\/\/conficon-hostesses.com\/es\/politica-de-privacidad\/#breadcrumb\",\"itemListElement\":[{\"@type\":\"ListItem\",\"position\":1,\"name\":\"Portada\",\"item\":\"https:\/\/conficon-hostesses.com\/es\/\"},{\"@type\":\"ListItem\",\"position\":2,\"name\":\"Pol\u00edtica de privacidad\"}]},{\"@type\":\"WebSite\",\"@id\":\"https:\/\/conficon-hostesses.com\/es\/#website\",\"url\":\"https:\/\/conficon-hostesses.com\/es\/\",\"name\":\"Conficon hostesses\",\"description\":\"\",\"publisher\":{\"@id\":\"https:\/\/conficon-hostesses.com\/es\/#organization\"},\"potentialAction\":[{\"@type\":\"SearchAction\",\"target\":{\"@type\":\"EntryPoint\",\"urlTemplate\":\"https:\/\/conficon-hostesses.com\/es\/?s={search_term_string}\"},\"query-input\":{\"@type\":\"PropertyValueSpecification\",\"valueRequired\":true,\"valueName\":\"search_term_string\"}}],\"inLanguage\":\"es\"},{\"@type\":\"Organization\",\"@id\":\"https:\/\/conficon-hostesses.com\/es\/#organization\",\"name\":\"Conficon hostesses\",\"url\":\"https:\/\/conficon-hostesses.com\/es\/\",\"logo\":{\"@type\":\"ImageObject\",\"inLanguage\":\"es\",\"@id\":\"https:\/\/conficon-hostesses.com\/es\/#\/schema\/logo\/image\/\",\"url\":\"https:\/\/conficon-hostesses.com\/wp-content\/uploads\/2020\/08\/logo-web.jpg\",\"contentUrl\":\"https:\/\/conficon-hostesses.com\/wp-content\/uploads\/2020\/08\/logo-web.jpg\",\"width\":151,\"height\":57,\"caption\":\"Conficon hostesses\"},\"image\":{\"@id\":\"https:\/\/conficon-hostesses.com\/es\/#\/schema\/logo\/image\/\"}}]}<\/script>\n<!-- \/ Yoast SEO plugin. -->","yoast_head_json":{"title":"Pol\u00edtica de privacidad - Conficon hostesses","robots":{"index":"index","follow":"follow","max-snippet":"max-snippet:-1","max-image-preview":"max-image-preview:large","max-video-preview":"max-video-preview:-1"},"canonical":"https:\/\/conficon-hostesses.com\/es\/politica-de-privacidad\/","og_locale":"es_ES","og_type":"article","og_title":"Pol\u00edtica de privacidad - Conficon hostesses","og_description":"Informaci\u00f3n b\u00e1sica sobre Protecci\u00f3n de Datos Responsable del tratamiento: CONFICON HOSTESSES SL Finalidades del tratamiento: \u2022 P\u00e1gina web informativa. \u2022 Gesti\u00f3n de consultas a trav\u00e9s de formularios. \u2022 Acceso al \u00e1rea privada. Legitimaci\u00f3n del tratamiento \u2022 Consentimiento expreso del interesado. \u2022 Ejecuci\u00f3n de un contrato o aplicaci\u00f3n de medidas precontractuales. \u2022 Inter\u00e9s leg\u00edtimo para el [&hellip;]","og_url":"https:\/\/conficon-hostesses.com\/es\/politica-de-privacidad\/","og_site_name":"Conficon hostesses","twitter_card":"summary_large_image","twitter_misc":{"Tiempo de lectura":"12 minutos"},"schema":{"@context":"https:\/\/schema.org","@graph":[{"@type":"WebPage","@id":"https:\/\/conficon-hostesses.com\/es\/politica-de-privacidad\/","url":"https:\/\/conficon-hostesses.com\/es\/politica-de-privacidad\/","name":"Pol\u00edtica de privacidad - Conficon hostesses","isPartOf":{"@id":"https:\/\/conficon-hostesses.com\/es\/#website"},"datePublished":"2020-10-01T10:05:26+00:00","breadcrumb":{"@id":"https:\/\/conficon-hostesses.com\/es\/politica-de-privacidad\/#breadcrumb"},"inLanguage":"es","potentialAction":[{"@type":"ReadAction","target":["https:\/\/conficon-hostesses.com\/es\/politica-de-privacidad\/"]}]},{"@type":"BreadcrumbList","@id":"https:\/\/conficon-hostesses.com\/es\/politica-de-privacidad\/#breadcrumb","itemListElement":[{"@type":"ListItem","position":1,"name":"Portada","item":"https:\/\/conficon-hostesses.com\/es\/"},{"@type":"ListItem","position":2,"name":"Pol\u00edtica de privacidad"}]},{"@type":"WebSite","@id":"https:\/\/conficon-hostesses.com\/es\/#website","url":"https:\/\/conficon-hostesses.com\/es\/","name":"Conficon hostesses","description":"","publisher":{"@id":"https:\/\/conficon-hostesses.com\/es\/#organization"},"potentialAction":[{"@type":"SearchAction","target":{"@type":"EntryPoint","urlTemplate":"https:\/\/conficon-hostesses.com\/es\/?s={search_term_string}"},"query-input":{"@type":"PropertyValueSpecification","valueRequired":true,"valueName":"search_term_string"}}],"inLanguage":"es"},{"@type":"Organization","@id":"https:\/\/conficon-hostesses.com\/es\/#organization","name":"Conficon hostesses","url":"https:\/\/conficon-hostesses.com\/es\/","logo":{"@type":"ImageObject","inLanguage":"es","@id":"https:\/\/conficon-hostesses.com\/es\/#\/schema\/logo\/image\/","url":"https:\/\/conficon-hostesses.com\/wp-content\/uploads\/2020\/08\/logo-web.jpg","contentUrl":"https:\/\/conficon-hostesses.com\/wp-content\/uploads\/2020\/08\/logo-web.jpg","width":151,"height":57,"caption":"Conficon hostesses"},"image":{"@id":"https:\/\/conficon-hostesses.com\/es\/#\/schema\/logo\/image\/"}}]}},"_links":{"self":[{"href":"https:\/\/conficon-hostesses.com\/es\/wp-json\/wp\/v2\/pages\/1454","targetHints":{"allow":["GET"]}}],"collection":[{"href":"https:\/\/conficon-hostesses.com\/es\/wp-json\/wp\/v2\/pages"}],"about":[{"href":"https:\/\/conficon-hostesses.com\/es\/wp-json\/wp\/v2\/types\/page"}],"author":[{"embeddable":true,"href":"https:\/\/conficon-hostesses.com\/es\/wp-json\/wp\/v2\/users\/1"}],"replies":[{"embeddable":true,"href":"https:\/\/conficon-hostesses.com\/es\/wp-json\/wp\/v2\/comments?post=1454"}],"version-history":[{"count":1,"href":"https:\/\/conficon-hostesses.com\/es\/wp-json\/wp\/v2\/pages\/1454\/revisions"}],"predecessor-version":[{"id":1455,"href":"https:\/\/conficon-hostesses.com\/es\/wp-json\/wp\/v2\/pages\/1454\/revisions\/1455"}],"wp:attachment":[{"href":"https:\/\/conficon-hostesses.com\/es\/wp-json\/wp\/v2\/media?parent=1454"}],"curies":[{"name":"wp","href":"https:\/\/api.w.org\/{rel}","templated":true}]}}