{"id":1476,"date":"2020-10-02T07:52:16","date_gmt":"2020-10-02T07:52:16","guid":{"rendered":"https:\/\/conficon-hostesses.com\/aviso-legal\/"},"modified":"2020-10-02T07:52:16","modified_gmt":"2020-10-02T07:52:16","slug":"aviso-legal","status":"publish","type":"page","link":"https:\/\/conficon-hostesses.com\/es\/aviso-legal\/","title":{"rendered":"Aviso legal"},"content":{"rendered":"<p><strong>Informaci\u00f3n legal<\/strong><\/p>\n<p>En cumplimiento con el deber de la informaci\u00f3n recogido en el art\u00edculo 10 de la Ley 34\/2002, de 11 de Julio, de Servicios de la Sociedad de la informaci\u00f3n y del Comercio Electr\u00f3nico, le informamos que el contenido de esta p\u00e1gina web https:\/\/www.conficon-hostesses.com (en adelante, la \u201cWeb\u201d) pertenece a <strong>CONFICON HOSTESSES SL<\/strong>, con domicilio social en la calle Francesc Gimeno, n\u00famero 1, 43500, de Tortosa (Espa\u00f1a) y con CIF n\u00fam. B43433374. El presente aviso legal regula las condiciones de uso del citado portal de Internet.<\/p>\n<p><strong>Aceptaci\u00f3n del usuario<\/strong><\/p>\n<p>Este Aviso Legal regula el acceso, la navegaci\u00f3n y el uso de la siguiente p\u00e1gina web https:\/\/www.conficon-hostesses.com, que CONFICON HOSTESSES SL, pone a la disposici\u00f3n de los usuarios de internet. Por lo tanto, el acceso a la misma implica la adquisici\u00f3n de la condici\u00f3n de usuario y con ello, la aceptaci\u00f3n de las condiciones de uso de la web. En caso de desacuerdo con las condiciones debe abstenerse del uso del sitio web. <\/p>\n<p>El usuario queda informado, y acepta, que el acceso a la presente web no supone, en modo alguno, el inicio de una relaci\u00f3n comercial con CONFICON HOSTESSES SL.<\/p>\n<p><strong>Contenido y uso <\/strong><\/p>\n<p>La visita a la p\u00e1gina web por parte del usuario deber\u00e1 hacerse de forma responsable y de conformidad con la legalidad vigente, la buena fe, el presente Aviso Legal y respetando los derechos de propiedad intelectual e industrial titularidad de <strong>CONFICON HOSTESSES SL.<\/strong> El sitio web proporciona gran diversidad de informaci\u00f3n. El usuario asume su responsabilidad en el uso correcto del sitio web. <\/p>\n<p>El uso de cualquiera de los contenidos de la p\u00e1gina web con finalidades que sean o pudieran ser il\u00edcitas queda totalmente prohibido, as\u00ed como la realizaci\u00f3n de cualquier acci\u00f3n que cause o pueda causar da\u00f1os o alteraciones de cualquier tipo no consentidas por <strong>CONFICON HOSTESSES SL<\/strong>,  a la web o a sus contenidos.<\/p>\n<p>La empresa se reserva el derecho de efectuar sin previo aviso las modificaciones que considere oportunas en su web, pudiendo cambiar, suprimir o a\u00f1adir tanto los contenidos y servicios que se presten a trav\u00e9s de la misma como la forma en la que \u00e9stos aparezcan presentados o localizados en sus servidores.<\/p>\n<p><strong>\u2022 Contacto<\/strong><\/p>\n<p><strong>CONFICON HOSTESSES SL<\/strong> pone a disposici\u00f3n de los usuarios diferentes v\u00edas de contacto para estudiar la posibilidad de una eventual contrataci\u00f3n con nosotros. La complexi\u00f3n del respectivo formulario est\u00e1 sujeta a la Pol\u00edtica de Privacidad de <strong>CONFICON HOSTESSES SL<\/strong>. En ning\u00fan caso la mera comunicaci\u00f3n implica la contrataci\u00f3n con <strong>CONFICON HOSTESSES SL<\/strong> Las condiciones particulares de contrataci\u00f3n se establecen en los respectivos contratos entre <strong>CONFICON HOSTESSES SL<\/strong> y sus clientes.<\/p>\n<p><strong>\u2022 \u00c1rea Privada<\/strong><\/p>\n<p><strong>CONFICON HOSTESSES SL<\/strong> pone a disposici\u00f3n de los usuarios registrados una Bolsa de Trabajo en su \u00c1rea Privada. El acceso a \u00e9sta implica el inicio de una relaci\u00f3n con CONFICON HOSTESSES SL. Las condiciones particulares de contrataci\u00f3n se establecen en los respectivos contratos entre CONFICON HOSTESSES SL y los usuarios registrados. <\/p>\n<p><strong>Responsabilidades y garant\u00edas<\/strong><\/p>\n<p><strong>CONFICON HOSTESSES SL<\/strong> declara que ha adoptado las medidas necesarias que, dentro de sus posibilidades y el estado de la tecnolog\u00eda, permiten el correcto funcionamiento de la web as\u00ed como la ausencia de virus y componentes da\u00f1inos. Sin embargo, <strong>CONFICON HOSTESSES SL<\/strong> no puede hacerse responsable de las siguientes situaciones que se enumeran a t\u00edtulo enunciativo, pero no limitativo:<\/p>\n<ul>\n<li>La continuidad y disponibilidad de los contenidos.<\/li>\n<li>La ausencia de errores en dichos contenidos ni la correcci\u00f3n de cualquier defecto que pudiera ocurrir.<\/li>\n<li>La ausencia de virus y\/o dem\u00e1s componentes da\u00f1inos.<\/li>\n<li>Los da\u00f1os o perjuicios que cause cualquier persona que vulnere los sistemas de seguridad de <strong>CONFICON HOSTESSES SL<\/strong><\/li>\n<li>El uso que los usuarios puedan hacer de los contenidos incluidos en la web. En consecuencia, <strong>CONFICON HOSTESSES SL<\/strong> no garantiza que el uso que los usuarios puedan hacer de los contenidos que en su caso se incluyan en el sitio web, se ajusten al presente aviso legal, ni que el uso del sitio web se realice de forma diligente.<\/li>\n<li>El uso por menores de edad del sitio web o del env\u00edo de sus datos personales sin el permiso de sus tutores, siendo los tutores responsables del uso que hagan de Internet.<\/li>\n<li>Los contenidos a los que el usuario pueda acceder a trav\u00e9s de enlaces no autorizados o introducidos por usuarios mediante comentarios o herramientas similares.<\/li>\n<li>La introducci\u00f3n de datos err\u00f3neos por parte del usuario o de un tercero.<\/li>\n<\/ul>\n<p><strong>CONFICON HOSTESSES SL<\/strong> podr\u00e1 suspender temporalmente y sin previo aviso, la accesibilidad a la web con motivo de operaciones de mantenimiento, reparaci\u00f3n, actualizaci\u00f3n o mejora. En consecuencia, <strong>CONFICON HOSTESSES SL<\/strong> no ser\u00e1, en ning\u00fan caso, responsable por cualesquiera da\u00f1os y perjuicios que puedan derivarse de la falta de disponibilidad o accesibilidad al sitio web o de la interrupci\u00f3n en el funcionamiento del sitio web. No obstante, siempre que las circunstancias lo permitan, <strong>CONFICON HOSTESSES SL<\/strong> comunicar\u00e1 al usuario, con antelaci\u00f3n suficiente, la fecha prevista para la suspensi\u00f3n de los contenidos. <\/p>\n<p>Asimismo, de conformidad con los arts. 11 y 16 de la Ley 34\/2002, de 11 de julio, de servicios de la sociedad de la informaci\u00f3n y de comercio electr\u00f3nico (LSSICE), <strong>CONFICON HOSTESSES SL<\/strong> se compromete a la eliminaci\u00f3n o, en su caso, bloqueo de los contenidos que pudieran afectar o ser contrarios a la legislaci\u00f3n vigente, los derechos de terceros o la moral y orden p\u00fablico.<\/p>\n<p><strong>Pol\u00edtica de enlaces<\/strong><\/p>\n<p><strong>CONFICON HOSTESSES SL<\/strong> no se hace responsable del contenido de los sitios web a los que el usuario pueda acceder a trav\u00e9s de los enlaces establecidos en su sitio web y declara que en ning\u00fan caso proceder\u00e1 a examinar o ejercitar ning\u00fan tipo de control sobre el contenido de otros sitios de la red. Asimismo, tampoco garantizar\u00e1 la disponibilidad t\u00e9cnica, exactitud, veracidad, validez o legalidad de sitios ajenos a su propiedad a los que se pueda acceder por medio de los enlaces.<\/p>\n<p><strong>Pol\u00edtica de propiedad intelectual e industrial<\/strong><\/p>\n<p><strong>CONFICON HOSTESSES SL<\/strong> es el titular en exclusiva de los derechos relativos a su p\u00e1gina web y sus redes sociales, por ello, todos los contenidos, el dise\u00f1o gr\u00e1fico y los c\u00f3digos que forman parte de https:\/\/www.conficon-hostesses.com son de titularidad exclusiva de <strong>CONFICON HOSTESSES SL<\/strong> Queda prohibida su reproducci\u00f3n, distribuci\u00f3n, comunicaci\u00f3n p\u00fablica, transformaci\u00f3n o cualquier otra actividad que se realice con los contenidos, ni siquiera aunque se citen las fuentes, salvo que se cuente con el consentimiento previo, expreso y por escrito de <strong>CONFICON HOSTESSES SL<\/strong>. <\/p>\n<p><strong>CONFICON HOSTESSES SL<\/strong> no concede ninguna autorizaci\u00f3n de uso de ninguna clase sobre sus derechos de propiedad intelectual e industrial o sobre cualquier otra propiedad o derecho relacionado con la web, y en ning\u00fan caso se entender\u00e1 que el acceso y navegaci\u00f3n de los usuarios implica una renuncia, transmisi\u00f3n, licencia o cesi\u00f3n total ni parcial de dichos derechos por parte de <strong>CONFICON HOSTESSES SL.<\/strong> Cualquier uso de esos contenidos no autorizado previamente por parte de CONFICON HOSTESSES SL ser\u00e1 considerado un incumplimiento grave de los derechos de propiedad intelectual o industrial y dar\u00e1 lugar a las responsabilidades legalmente establecidas. <strong>CONFICON HOSTESSES SL<\/strong> se reserva el derecho de ejercitar frente al usuario las acciones judiciales y extrajudiciales que correspondan.<\/p>\n<p><strong>Cl\u00e1usula de protecci\u00f3n de datos<\/strong><\/p>\n<p>De conformidad con lo establecido en la normativa vigente en materia de  Protecci\u00f3n de Datos de Car\u00e1cter Personal, se informa a los usuarios que sus datos ser\u00e1n incorporados al Registro de Actividades de Tratamiento titularidad de <strong>CONFICON HOSTESSES SL<\/strong> con la finalidad de eventualmente, poder llevar a cabo los servicios contratados.<\/p>\n<p>En cumplimiento con la normativa vigente, <strong>CONFICON HOSTESSES SL<\/strong> informa que los datos ser\u00e1n conservados durante el plazo estrictamente necesario para cumplir con los servicios prestados.<\/p>\n<p>Asimismo, los datos se tratar\u00e1n de manera l\u00edcita, leal, transparente, adecuada, pertinente, limitada, exacta y actualizada. Es por ello que CONFICON HOSTESSES SL se compromete a adoptar todas las medidas t\u00e9cnicas y de seguridad razonables para que estos se supriman o rectifiquen sin dilaci\u00f3n cuando sean inexactos o no veraces. <\/p>\n<p>De acuerdo con la normativa en protecci\u00f3n de datos los usuarios podr\u00e1n ejercer los derechos de acceso, rectificaci\u00f3n, limitaci\u00f3n de tratamiento, supresi\u00f3n, portabilidad y oposici\u00f3n al tratamiento de sus datos de car\u00e1cter personal as\u00ed como renunciar al consentimiento prestado para el tratamiento de los mismos. La petici\u00f3n se deber\u00e1 dirigir al siguiente correo electr\u00f3nico rgpd@conficon-hostesses.com <\/p>\n<p><strong>Reserva del derecho a modificar el presente aviso legal<\/strong><\/p>\n<p>CONFICON HOSTESSES SL se reserva el derecho a modificar el presente aviso legal para adaptarlo a cualquier cambio o novedad normativa, por motivos t\u00e9cnicos, por cambios en los servicios ofrecidos por CONFICON HOSTESSES SL o por decisiones estrat\u00e9gicas de la compa\u00f1\u00eda. En estos casos se avisar\u00e1 en la presente p\u00e1gina web con antelaci\u00f3n prudencial los cambios que se vayan a producir y a partir de cu\u00e1ndo comenzar\u00e1n a tener plenos efectos.<\/p>\n<p>Si el usuario no est\u00e1 conforme con los cambios, deber\u00e1 dejar de utilizar el sitio web. La utilizaci\u00f3n del sitio web tras la realizaci\u00f3n de los cambios supondr\u00e1 la aceptaci\u00f3n de los mismos por los usuarios.<\/p>\n<p><strong>Nulidad<\/strong><\/p>\n<p>Si alguna de las presentes disposiciones se considerase nula, inv\u00e1lida o inaplicable, dicha disposici\u00f3n (o la parte que se declare nula, inv\u00e1lida o no aplicable) quedar\u00e1 invalidada, sin que esto afecte a la validez y la aplicabilidad de las disposiciones restantes.<\/p>\n<p><strong>Contacta con nosotros<\/strong><\/p>\n<p>Para contactar con nosotros puede hacerlo en la direcci\u00f3n arriba indicada y tambi\u00e9n telef\u00f3nicamente al n\u00famero indicado en la web. <\/p>\n","protected":false},"excerpt":{"rendered":"<p>Informaci\u00f3n legal En cumplimiento con el deber de la informaci\u00f3n recogido en el art\u00edculo 10 de la Ley 34\/2002, de 11 de Julio, de Servicios de la Sociedad de la informaci\u00f3n y del Comercio Electr\u00f3nico, le informamos que el contenido de esta p\u00e1gina web https:\/\/www.conficon-hostesses.com (en adelante, la \u201cWeb\u201d) pertenece a CONFICON HOSTESSES SL, con [&hellip;]<\/p>\n","protected":false},"author":1,"featured_media":0,"parent":0,"menu_order":0,"comment_status":"closed","ping_status":"closed","template":"","meta":{"_et_pb_use_builder":"","_et_pb_old_content":"","_et_gb_content_width":"","footnotes":""},"class_list":["post-1476","page","type-page","status-publish","hentry"],"yoast_head":"<!-- This site is optimized with the Yoast SEO plugin v26.8 - https:\/\/yoast.com\/product\/yoast-seo-wordpress\/ -->\n<title>Aviso legal - Conficon hostesses<\/title>\n<meta name=\"robots\" content=\"index, follow, max-snippet:-1, max-image-preview:large, max-video-preview:-1\" \/>\n<link rel=\"canonical\" href=\"https:\/\/conficon-hostesses.com\/es\/aviso-legal\/\" \/>\n<meta property=\"og:locale\" content=\"es_ES\" \/>\n<meta property=\"og:type\" content=\"article\" \/>\n<meta property=\"og:title\" content=\"Aviso legal - Conficon hostesses\" \/>\n<meta property=\"og:description\" content=\"Informaci\u00f3n legal En cumplimiento con el deber de la informaci\u00f3n recogido en el art\u00edculo 10 de la Ley 34\/2002, de 11 de Julio, de Servicios de la Sociedad de la informaci\u00f3n y del Comercio Electr\u00f3nico, le informamos que el contenido de esta p\u00e1gina web https:\/\/www.conficon-hostesses.com (en adelante, la \u201cWeb\u201d) pertenece a CONFICON HOSTESSES SL, con [&hellip;]\" \/>\n<meta property=\"og:url\" content=\"https:\/\/conficon-hostesses.com\/es\/aviso-legal\/\" \/>\n<meta property=\"og:site_name\" content=\"Conficon hostesses\" \/>\n<meta name=\"twitter:card\" content=\"summary_large_image\" \/>\n<meta name=\"twitter:label1\" content=\"Tiempo de lectura\" \/>\n\t<meta name=\"twitter:data1\" content=\"8 minutos\" \/>\n<script type=\"application\/ld+json\" class=\"yoast-schema-graph\">{\"@context\":\"https:\/\/schema.org\",\"@graph\":[{\"@type\":\"WebPage\",\"@id\":\"https:\/\/conficon-hostesses.com\/es\/aviso-legal\/\",\"url\":\"https:\/\/conficon-hostesses.com\/es\/aviso-legal\/\",\"name\":\"Aviso legal - Conficon hostesses\",\"isPartOf\":{\"@id\":\"https:\/\/conficon-hostesses.com\/es\/#website\"},\"datePublished\":\"2020-10-02T07:52:16+00:00\",\"breadcrumb\":{\"@id\":\"https:\/\/conficon-hostesses.com\/es\/aviso-legal\/#breadcrumb\"},\"inLanguage\":\"es\",\"potentialAction\":[{\"@type\":\"ReadAction\",\"target\":[\"https:\/\/conficon-hostesses.com\/es\/aviso-legal\/\"]}]},{\"@type\":\"BreadcrumbList\",\"@id\":\"https:\/\/conficon-hostesses.com\/es\/aviso-legal\/#breadcrumb\",\"itemListElement\":[{\"@type\":\"ListItem\",\"position\":1,\"name\":\"Portada\",\"item\":\"https:\/\/conficon-hostesses.com\/es\/\"},{\"@type\":\"ListItem\",\"position\":2,\"name\":\"Aviso legal\"}]},{\"@type\":\"WebSite\",\"@id\":\"https:\/\/conficon-hostesses.com\/es\/#website\",\"url\":\"https:\/\/conficon-hostesses.com\/es\/\",\"name\":\"Conficon hostesses\",\"description\":\"\",\"publisher\":{\"@id\":\"https:\/\/conficon-hostesses.com\/es\/#organization\"},\"potentialAction\":[{\"@type\":\"SearchAction\",\"target\":{\"@type\":\"EntryPoint\",\"urlTemplate\":\"https:\/\/conficon-hostesses.com\/es\/?s={search_term_string}\"},\"query-input\":{\"@type\":\"PropertyValueSpecification\",\"valueRequired\":true,\"valueName\":\"search_term_string\"}}],\"inLanguage\":\"es\"},{\"@type\":\"Organization\",\"@id\":\"https:\/\/conficon-hostesses.com\/es\/#organization\",\"name\":\"Conficon hostesses\",\"url\":\"https:\/\/conficon-hostesses.com\/es\/\",\"logo\":{\"@type\":\"ImageObject\",\"inLanguage\":\"es\",\"@id\":\"https:\/\/conficon-hostesses.com\/es\/#\/schema\/logo\/image\/\",\"url\":\"https:\/\/conficon-hostesses.com\/wp-content\/uploads\/2020\/08\/logo-web.jpg\",\"contentUrl\":\"https:\/\/conficon-hostesses.com\/wp-content\/uploads\/2020\/08\/logo-web.jpg\",\"width\":151,\"height\":57,\"caption\":\"Conficon hostesses\"},\"image\":{\"@id\":\"https:\/\/conficon-hostesses.com\/es\/#\/schema\/logo\/image\/\"}}]}<\/script>\n<!-- \/ Yoast SEO plugin. -->","yoast_head_json":{"title":"Aviso legal - Conficon hostesses","robots":{"index":"index","follow":"follow","max-snippet":"max-snippet:-1","max-image-preview":"max-image-preview:large","max-video-preview":"max-video-preview:-1"},"canonical":"https:\/\/conficon-hostesses.com\/es\/aviso-legal\/","og_locale":"es_ES","og_type":"article","og_title":"Aviso legal - Conficon hostesses","og_description":"Informaci\u00f3n legal En cumplimiento con el deber de la informaci\u00f3n recogido en el art\u00edculo 10 de la Ley 34\/2002, de 11 de Julio, de Servicios de la Sociedad de la informaci\u00f3n y del Comercio Electr\u00f3nico, le informamos que el contenido de esta p\u00e1gina web https:\/\/www.conficon-hostesses.com (en adelante, la \u201cWeb\u201d) pertenece a CONFICON HOSTESSES SL, con [&hellip;]","og_url":"https:\/\/conficon-hostesses.com\/es\/aviso-legal\/","og_site_name":"Conficon hostesses","twitter_card":"summary_large_image","twitter_misc":{"Tiempo de lectura":"8 minutos"},"schema":{"@context":"https:\/\/schema.org","@graph":[{"@type":"WebPage","@id":"https:\/\/conficon-hostesses.com\/es\/aviso-legal\/","url":"https:\/\/conficon-hostesses.com\/es\/aviso-legal\/","name":"Aviso legal - Conficon hostesses","isPartOf":{"@id":"https:\/\/conficon-hostesses.com\/es\/#website"},"datePublished":"2020-10-02T07:52:16+00:00","breadcrumb":{"@id":"https:\/\/conficon-hostesses.com\/es\/aviso-legal\/#breadcrumb"},"inLanguage":"es","potentialAction":[{"@type":"ReadAction","target":["https:\/\/conficon-hostesses.com\/es\/aviso-legal\/"]}]},{"@type":"BreadcrumbList","@id":"https:\/\/conficon-hostesses.com\/es\/aviso-legal\/#breadcrumb","itemListElement":[{"@type":"ListItem","position":1,"name":"Portada","item":"https:\/\/conficon-hostesses.com\/es\/"},{"@type":"ListItem","position":2,"name":"Aviso legal"}]},{"@type":"WebSite","@id":"https:\/\/conficon-hostesses.com\/es\/#website","url":"https:\/\/conficon-hostesses.com\/es\/","name":"Conficon hostesses","description":"","publisher":{"@id":"https:\/\/conficon-hostesses.com\/es\/#organization"},"potentialAction":[{"@type":"SearchAction","target":{"@type":"EntryPoint","urlTemplate":"https:\/\/conficon-hostesses.com\/es\/?s={search_term_string}"},"query-input":{"@type":"PropertyValueSpecification","valueRequired":true,"valueName":"search_term_string"}}],"inLanguage":"es"},{"@type":"Organization","@id":"https:\/\/conficon-hostesses.com\/es\/#organization","name":"Conficon hostesses","url":"https:\/\/conficon-hostesses.com\/es\/","logo":{"@type":"ImageObject","inLanguage":"es","@id":"https:\/\/conficon-hostesses.com\/es\/#\/schema\/logo\/image\/","url":"https:\/\/conficon-hostesses.com\/wp-content\/uploads\/2020\/08\/logo-web.jpg","contentUrl":"https:\/\/conficon-hostesses.com\/wp-content\/uploads\/2020\/08\/logo-web.jpg","width":151,"height":57,"caption":"Conficon hostesses"},"image":{"@id":"https:\/\/conficon-hostesses.com\/es\/#\/schema\/logo\/image\/"}}]}},"_links":{"self":[{"href":"https:\/\/conficon-hostesses.com\/es\/wp-json\/wp\/v2\/pages\/1476","targetHints":{"allow":["GET"]}}],"collection":[{"href":"https:\/\/conficon-hostesses.com\/es\/wp-json\/wp\/v2\/pages"}],"about":[{"href":"https:\/\/conficon-hostesses.com\/es\/wp-json\/wp\/v2\/types\/page"}],"author":[{"embeddable":true,"href":"https:\/\/conficon-hostesses.com\/es\/wp-json\/wp\/v2\/users\/1"}],"replies":[{"embeddable":true,"href":"https:\/\/conficon-hostesses.com\/es\/wp-json\/wp\/v2\/comments?post=1476"}],"version-history":[{"count":0,"href":"https:\/\/conficon-hostesses.com\/es\/wp-json\/wp\/v2\/pages\/1476\/revisions"}],"wp:attachment":[{"href":"https:\/\/conficon-hostesses.com\/es\/wp-json\/wp\/v2\/media?parent=1476"}],"curies":[{"name":"wp","href":"https:\/\/api.w.org\/{rel}","templated":true}]}}