{"id":865,"date":"2020-08-26T06:30:04","date_gmt":"2020-08-26T06:30:04","guid":{"rendered":"https:\/\/globals.app\/hostesses\/uniformes\/"},"modified":"2020-09-10T09:14:14","modified_gmt":"2020-09-10T09:14:14","slug":"uniformes","status":"publish","type":"page","link":"https:\/\/conficon-hostesses.com\/es\/uniformes\/","title":{"rendered":"Uniformes"},"content":{"rendered":"<p>[et_pb_section fb_built=\u00bb1&#8243; _builder_version=\u00bb4.5.6&#8243; _module_preset=\u00bbdefault\u00bb background_color=\u00bb#F2F2F2&#8243; custom_padding=\u00bb||100px||false|false\u00bb bottom_divider_style=\u00bbwave\u00bb bottom_divider_color=\u00bb#ffffff\u00bb bottom_divider_flip=\u00bbhorizontal|vertical\u00bb global_module=\u00bb481&#8243;][et_pb_row _builder_version=\u00bb4.5.6&#8243; _module_preset=\u00bbdefault\u00bb][et_pb_column type=\u00bb4_4&#8243; _builder_version=\u00bb4.5.6&#8243; _module_preset=\u00bbdefault\u00bb][et_pb_text _builder_version=\u00bb4.5.6&#8243; _dynamic_attributes=\u00bbcontent\u00bb _module_preset=\u00bbdefault\u00bb header_text_align=\u00bbcenter\u00bb]@ET-DC@eyJkeW5hbWljIjp0cnVlLCJjb250ZW50IjoicG9zdF90aXRsZSIsInNldHRpbmdzIjp7ImJlZm9yZSI6IjxoMT4iLCJhZnRlciI6IjxcL2gxPiJ9fQ==@[\/et_pb_text][\/et_pb_column][\/et_pb_row][\/et_pb_section][et_pb_section fb_built=\u00bb1&#8243; _builder_version=\u00bb4.5.6&#8243; _module_preset=\u00bbdefault\u00bb custom_padding=\u00bb||0px||false|false\u00bb locked=\u00bboff\u00bb][et_pb_row _builder_version=\u00bb4.5.6&#8243; _module_preset=\u00bbdefault\u00bb][et_pb_column type=\u00bb4_4&#8243; _builder_version=\u00bb4.5.6&#8243; _module_preset=\u00bbdefault\u00bb][et_pb_text _builder_version=\u00bb4.5.8&#8243; _module_preset=\u00bbdefault\u00bb text_orientation=\u00bbcenter\u00bb]<\/p>\n<p>Disponemos de diferentes modelos de uniformes: americana, falda, pantal\u00f3n o vestido, con corbatas o pa\u00f1uelos de que pueden combinarse con el color corporativo de la empresa. <\/p>\n<p>[\/et_pb_text][\/et_pb_column][\/et_pb_row][et_pb_row _builder_version=\u00bb4.5.6&#8243; _module_preset=\u00bbdefault\u00bb][et_pb_column type=\u00bb4_4&#8243; _builder_version=\u00bb4.5.6&#8243; _module_preset=\u00bbdefault\u00bb][et_pb_text _builder_version=\u00bb4.5.6&#8243; _module_preset=\u00bbdefault\u00bb header_4_text_align=\u00bbcenter\u00bb]<\/p>\n<h4>Tipos de uniformes:<\/h4>\n<p>[\/et_pb_text][et_pb_tabs module_class=\u00bbuniformes_tabs\u00bb _builder_version=\u00bb4.6.1&#8243; _module_preset=\u00bbdefault\u00bb hover_enabled=\u00bb0&#8243; sticky_enabled=\u00bb0&#8243;][et_pb_tab title=\u00bbTraje chaqueta (falda con fuelle)\u00bb _builder_version=\u00bb4.6.1&#8243; _module_preset=\u00bbdefault\u00bb hover_enabled=\u00bb0&#8243; sticky_enabled=\u00bb0&#8243;]<\/p>\n<div class=\"contingut-tabs-uniformes\">\n<div class=\"color-mocador\">\n<h4>Colores de los pa\u00f1uelos<\/h4>\n<p><img decoding=\"async\" src=\"https:\/\/conficon-hostesses.com\/wp-content\/uploads\/2020\/09\/colors-mocadors.jpg\">\n<\/div>\n<div class=\"tipus-uniforme\">\n<img decoding=\"async\" src=\"https:\/\/conficon-hostesses.com\/wp-content\/uploads\/2020\/08\/uniforme1.jpg\">\n<\/div>\n<\/div>\n<p>[\/et_pb_tab][et_pb_tab title=\u00bbVestido chaqueta (falda evas\u00e9)\u00bb _builder_version=\u00bb4.6.1&#8243; _module_preset=\u00bbdefault\u00bb hover_enabled=\u00bb0&#8243; sticky_enabled=\u00bb0&#8243;]<\/p>\n<div class=\"contingut-tabs-uniformes\">\n<div class=\"color-mocador\">\n<h4>Colores de los pa\u00f1uelos<\/h4>\n<p><img decoding=\"async\" src=\"https:\/\/conficon-hostesses.com\/wp-content\/uploads\/2020\/09\/colors-mocadors.jpg\">\n<\/div>\n<div class=\"tipus-uniforme\">\n<img decoding=\"async\" src=\"https:\/\/conficon-hostesses.com\/wp-content\/uploads\/2020\/08\/uniforme2.jpg\">\n<\/div>\n<\/div>\n<p>[\/et_pb_tab][et_pb_tab title=\u00bbVestido con chaqueta\u00bb _builder_version=\u00bb4.6.1&#8243; _module_preset=\u00bbdefault\u00bb hover_enabled=\u00bb0&#8243; sticky_enabled=\u00bb0&#8243;]<\/p>\n<div class=\"contingut-tabs-uniformes\">\n<div class=\"color-mocador\">\n<h4>Colores de los pa\u00f1uelos<\/h4>\n<p><img decoding=\"async\" src=\"https:\/\/conficon-hostesses.com\/wp-content\/uploads\/2020\/09\/colors-mocadors.jpg\">\n<\/div>\n<div class=\"tipus-uniforme\">\n<img decoding=\"async\" src=\"https:\/\/conficon-hostesses.com\/wp-content\/uploads\/2020\/08\/uniforme31.jpg\">\n<\/div>\n<\/div>\n<p>[\/et_pb_tab][et_pb_tab title=\u00bbVestido\u00bb _builder_version=\u00bb4.6.1&#8243; _module_preset=\u00bbdefault\u00bb hover_enabled=\u00bb0&#8243; sticky_enabled=\u00bb0&#8243;]<\/p>\n<div class=\"contingut-tabs-uniformes\">\n<div class=\"color-mocador\">\n<h4>Colores de los pa\u00f1uelos<\/h4>\n<p><img decoding=\"async\" src=\"https:\/\/conficon-hostesses.com\/wp-content\/uploads\/2020\/09\/colors-mocadors.jpg\">\n<\/div>\n<div class=\"tipus-uniforme\">\n<img decoding=\"async\" src=\"https:\/\/conficon-hostesses.com\/wp-content\/uploads\/2020\/08\/uniforme4.jpg\">\n<\/div>\n<\/div>\n<p>[\/et_pb_tab][et_pb_tab title=\u00bbTraje pantal\u00f3n\u00bb _builder_version=\u00bb4.6.1&#8243; _module_preset=\u00bbdefault\u00bb hover_enabled=\u00bb0&#8243; sticky_enabled=\u00bb0&#8243;]<\/p>\n<div class=\"contingut-tabs-uniformes\">\n<div class=\"color-mocador\">\n<h4>Colores de los pa\u00f1uelos<\/h4>\n<p><img decoding=\"async\" src=\"https:\/\/conficon-hostesses.com\/wp-content\/uploads\/2020\/09\/colors-mocadors.jpg\">\n<\/div>\n<div class=\"tipus-uniforme\">\n<img decoding=\"async\" src=\"https:\/\/conficon-hostesses.com\/wp-content\/uploads\/2020\/08\/uniforme5.jpg\">\n<\/div>\n<\/div>\n<p>[\/et_pb_tab][\/et_pb_tabs][\/et_pb_column][\/et_pb_row][\/et_pb_section][et_pb_section fb_built=\u00bb1&#8243; admin_label=\u00bbCTA conficon\u00bb _builder_version=\u00bb4.5.6&#8243; _module_preset=\u00bbdefault\u00bb background_image=\u00bbhttps:\/\/conficon-hostesses.com\/wp-content\/uploads\/2020\/08\/conficon.jpg\u00bb custom_padding=\u00bb69px||69px||false|false\u00bb global_module=\u00bb453&#8243; saved_tabs=\u00bball\u00bb][et_pb_row _builder_version=\u00bb4.5.6&#8243; _module_preset=\u00bbdefault\u00bb][et_pb_column type=\u00bb4_4&#8243; _builder_version=\u00bb4.5.6&#8243; _module_preset=\u00bbdefault\u00bb][et_pb_text _builder_version=\u00bb4.5.6&#8243; _module_preset=\u00bbdefault\u00bb header_text_align=\u00bbcenter\u00bb header_2_text_align=\u00bbcenter\u00bb text_orientation=\u00bbcenter\u00bb]<\/p>\n<p class=\"h4 text-blanc sombra\">\u00bfBuscas experiencias tur\u00edsticas?<\/p>\n<h2 class=\"h1 text-blanc sombra\">Visita Conficon Turisme<\/h2>\n<p>[\/et_pb_text][et_pb_button button_url=\u00bbhttps:\/\/conficon-turisme.com\/\u00bb url_new_window=\u00bbon\u00bb button_text=\u00bbVe a nuestra web\u00bb button_alignment=\u00bbcenter\u00bb module_class=\u00bbboto-blanc-roig\u00bb _builder_version=\u00bb4.5.6&#8243; _module_preset=\u00bbdefault\u00bb][\/et_pb_button][\/et_pb_column][\/et_pb_row][\/et_pb_section]<\/p>\n","protected":false},"excerpt":{"rendered":"<p>Disponemos de diferentes modelos de uniformes: americana, falda, pantal\u00f3n o vestido, con corbatas o pa\u00f1uelos de que pueden combinarse con el color corporativo de la empresa. Tipos de uniformes: Colores de los pa\u00f1uelos Colores de los pa\u00f1uelos Colores de los pa\u00f1uelos Colores de los pa\u00f1uelos Colores de los pa\u00f1uelos \u00bfBuscas experiencias tur\u00edsticas? Visita Conficon Turisme<\/p>\n","protected":false},"author":1,"featured_media":0,"parent":0,"menu_order":0,"comment_status":"closed","ping_status":"closed","template":"","meta":{"_et_pb_use_builder":"on","_et_pb_old_content":"","_et_gb_content_width":"","footnotes":""},"class_list":["post-865","page","type-page","status-publish","hentry"],"yoast_head":"<!-- This site is optimized with the Yoast SEO plugin v26.8 - https:\/\/yoast.com\/product\/yoast-seo-wordpress\/ -->\n<title>Uniformes - Conficon hostesses<\/title>\n<meta name=\"robots\" content=\"index, follow, max-snippet:-1, max-image-preview:large, max-video-preview:-1\" \/>\n<link rel=\"canonical\" href=\"https:\/\/conficon-hostesses.com\/es\/uniformes\/\" \/>\n<meta property=\"og:locale\" content=\"es_ES\" \/>\n<meta property=\"og:type\" content=\"article\" \/>\n<meta property=\"og:title\" content=\"Uniformes - Conficon hostesses\" \/>\n<meta property=\"og:description\" content=\"Disponemos de diferentes modelos de uniformes: americana, falda, pantal\u00f3n o vestido, con corbatas o pa\u00f1uelos de que pueden combinarse con el color corporativo de la empresa. Tipos de uniformes: Colores de los pa\u00f1uelos Colores de los pa\u00f1uelos Colores de los pa\u00f1uelos Colores de los pa\u00f1uelos Colores de los pa\u00f1uelos \u00bfBuscas experiencias tur\u00edsticas? Visita Conficon Turisme\" \/>\n<meta property=\"og:url\" content=\"https:\/\/conficon-hostesses.com\/es\/uniformes\/\" \/>\n<meta property=\"og:site_name\" content=\"Conficon hostesses\" \/>\n<meta property=\"article:modified_time\" content=\"2020-09-10T09:14:14+00:00\" \/>\n<meta property=\"og:image\" content=\"https:\/\/conficon-hostesses.com\/wp-content\/uploads\/2020\/09\/colors-mocadors.jpg\" \/>\n<meta name=\"twitter:card\" content=\"summary_large_image\" \/>\n<meta name=\"twitter:label1\" content=\"Tiempo de lectura\" \/>\n\t<meta name=\"twitter:data1\" content=\"2 minutos\" \/>\n<script type=\"application\/ld+json\" class=\"yoast-schema-graph\">{\"@context\":\"https:\/\/schema.org\",\"@graph\":[{\"@type\":\"WebPage\",\"@id\":\"https:\/\/conficon-hostesses.com\/es\/uniformes\/\",\"url\":\"https:\/\/conficon-hostesses.com\/es\/uniformes\/\",\"name\":\"Uniformes - Conficon hostesses\",\"isPartOf\":{\"@id\":\"https:\/\/conficon-hostesses.com\/es\/#website\"},\"primaryImageOfPage\":{\"@id\":\"https:\/\/conficon-hostesses.com\/es\/uniformes\/#primaryimage\"},\"image\":{\"@id\":\"https:\/\/conficon-hostesses.com\/es\/uniformes\/#primaryimage\"},\"thumbnailUrl\":\"https:\/\/conficon-hostesses.com\/wp-content\/uploads\/2020\/09\/colors-mocadors.jpg\",\"datePublished\":\"2020-08-26T06:30:04+00:00\",\"dateModified\":\"2020-09-10T09:14:14+00:00\",\"breadcrumb\":{\"@id\":\"https:\/\/conficon-hostesses.com\/es\/uniformes\/#breadcrumb\"},\"inLanguage\":\"es\",\"potentialAction\":[{\"@type\":\"ReadAction\",\"target\":[\"https:\/\/conficon-hostesses.com\/es\/uniformes\/\"]}]},{\"@type\":\"ImageObject\",\"inLanguage\":\"es\",\"@id\":\"https:\/\/conficon-hostesses.com\/es\/uniformes\/#primaryimage\",\"url\":\"https:\/\/conficon-hostesses.com\/wp-content\/uploads\/2020\/09\/colors-mocadors.jpg\",\"contentUrl\":\"https:\/\/conficon-hostesses.com\/wp-content\/uploads\/2020\/09\/colors-mocadors.jpg\"},{\"@type\":\"BreadcrumbList\",\"@id\":\"https:\/\/conficon-hostesses.com\/es\/uniformes\/#breadcrumb\",\"itemListElement\":[{\"@type\":\"ListItem\",\"position\":1,\"name\":\"Portada\",\"item\":\"https:\/\/conficon-hostesses.com\/es\/\"},{\"@type\":\"ListItem\",\"position\":2,\"name\":\"Uniformes\"}]},{\"@type\":\"WebSite\",\"@id\":\"https:\/\/conficon-hostesses.com\/es\/#website\",\"url\":\"https:\/\/conficon-hostesses.com\/es\/\",\"name\":\"Conficon hostesses\",\"description\":\"\",\"publisher\":{\"@id\":\"https:\/\/conficon-hostesses.com\/es\/#organization\"},\"potentialAction\":[{\"@type\":\"SearchAction\",\"target\":{\"@type\":\"EntryPoint\",\"urlTemplate\":\"https:\/\/conficon-hostesses.com\/es\/?s={search_term_string}\"},\"query-input\":{\"@type\":\"PropertyValueSpecification\",\"valueRequired\":true,\"valueName\":\"search_term_string\"}}],\"inLanguage\":\"es\"},{\"@type\":\"Organization\",\"@id\":\"https:\/\/conficon-hostesses.com\/es\/#organization\",\"name\":\"Conficon hostesses\",\"url\":\"https:\/\/conficon-hostesses.com\/es\/\",\"logo\":{\"@type\":\"ImageObject\",\"inLanguage\":\"es\",\"@id\":\"https:\/\/conficon-hostesses.com\/es\/#\/schema\/logo\/image\/\",\"url\":\"https:\/\/conficon-hostesses.com\/wp-content\/uploads\/2020\/08\/logo-web.jpg\",\"contentUrl\":\"https:\/\/conficon-hostesses.com\/wp-content\/uploads\/2020\/08\/logo-web.jpg\",\"width\":151,\"height\":57,\"caption\":\"Conficon hostesses\"},\"image\":{\"@id\":\"https:\/\/conficon-hostesses.com\/es\/#\/schema\/logo\/image\/\"}}]}<\/script>\n<!-- \/ Yoast SEO plugin. -->","yoast_head_json":{"title":"Uniformes - Conficon hostesses","robots":{"index":"index","follow":"follow","max-snippet":"max-snippet:-1","max-image-preview":"max-image-preview:large","max-video-preview":"max-video-preview:-1"},"canonical":"https:\/\/conficon-hostesses.com\/es\/uniformes\/","og_locale":"es_ES","og_type":"article","og_title":"Uniformes - Conficon hostesses","og_description":"Disponemos de diferentes modelos de uniformes: americana, falda, pantal\u00f3n o vestido, con corbatas o pa\u00f1uelos de que pueden combinarse con el color corporativo de la empresa. Tipos de uniformes: Colores de los pa\u00f1uelos Colores de los pa\u00f1uelos Colores de los pa\u00f1uelos Colores de los pa\u00f1uelos Colores de los pa\u00f1uelos \u00bfBuscas experiencias tur\u00edsticas? Visita Conficon Turisme","og_url":"https:\/\/conficon-hostesses.com\/es\/uniformes\/","og_site_name":"Conficon hostesses","article_modified_time":"2020-09-10T09:14:14+00:00","og_image":[{"url":"https:\/\/conficon-hostesses.com\/wp-content\/uploads\/2020\/09\/colors-mocadors.jpg","type":"","width":"","height":""}],"twitter_card":"summary_large_image","twitter_misc":{"Tiempo de lectura":"2 minutos"},"schema":{"@context":"https:\/\/schema.org","@graph":[{"@type":"WebPage","@id":"https:\/\/conficon-hostesses.com\/es\/uniformes\/","url":"https:\/\/conficon-hostesses.com\/es\/uniformes\/","name":"Uniformes - Conficon hostesses","isPartOf":{"@id":"https:\/\/conficon-hostesses.com\/es\/#website"},"primaryImageOfPage":{"@id":"https:\/\/conficon-hostesses.com\/es\/uniformes\/#primaryimage"},"image":{"@id":"https:\/\/conficon-hostesses.com\/es\/uniformes\/#primaryimage"},"thumbnailUrl":"https:\/\/conficon-hostesses.com\/wp-content\/uploads\/2020\/09\/colors-mocadors.jpg","datePublished":"2020-08-26T06:30:04+00:00","dateModified":"2020-09-10T09:14:14+00:00","breadcrumb":{"@id":"https:\/\/conficon-hostesses.com\/es\/uniformes\/#breadcrumb"},"inLanguage":"es","potentialAction":[{"@type":"ReadAction","target":["https:\/\/conficon-hostesses.com\/es\/uniformes\/"]}]},{"@type":"ImageObject","inLanguage":"es","@id":"https:\/\/conficon-hostesses.com\/es\/uniformes\/#primaryimage","url":"https:\/\/conficon-hostesses.com\/wp-content\/uploads\/2020\/09\/colors-mocadors.jpg","contentUrl":"https:\/\/conficon-hostesses.com\/wp-content\/uploads\/2020\/09\/colors-mocadors.jpg"},{"@type":"BreadcrumbList","@id":"https:\/\/conficon-hostesses.com\/es\/uniformes\/#breadcrumb","itemListElement":[{"@type":"ListItem","position":1,"name":"Portada","item":"https:\/\/conficon-hostesses.com\/es\/"},{"@type":"ListItem","position":2,"name":"Uniformes"}]},{"@type":"WebSite","@id":"https:\/\/conficon-hostesses.com\/es\/#website","url":"https:\/\/conficon-hostesses.com\/es\/","name":"Conficon hostesses","description":"","publisher":{"@id":"https:\/\/conficon-hostesses.com\/es\/#organization"},"potentialAction":[{"@type":"SearchAction","target":{"@type":"EntryPoint","urlTemplate":"https:\/\/conficon-hostesses.com\/es\/?s={search_term_string}"},"query-input":{"@type":"PropertyValueSpecification","valueRequired":true,"valueName":"search_term_string"}}],"inLanguage":"es"},{"@type":"Organization","@id":"https:\/\/conficon-hostesses.com\/es\/#organization","name":"Conficon hostesses","url":"https:\/\/conficon-hostesses.com\/es\/","logo":{"@type":"ImageObject","inLanguage":"es","@id":"https:\/\/conficon-hostesses.com\/es\/#\/schema\/logo\/image\/","url":"https:\/\/conficon-hostesses.com\/wp-content\/uploads\/2020\/08\/logo-web.jpg","contentUrl":"https:\/\/conficon-hostesses.com\/wp-content\/uploads\/2020\/08\/logo-web.jpg","width":151,"height":57,"caption":"Conficon hostesses"},"image":{"@id":"https:\/\/conficon-hostesses.com\/es\/#\/schema\/logo\/image\/"}}]}},"_links":{"self":[{"href":"https:\/\/conficon-hostesses.com\/es\/wp-json\/wp\/v2\/pages\/865","targetHints":{"allow":["GET"]}}],"collection":[{"href":"https:\/\/conficon-hostesses.com\/es\/wp-json\/wp\/v2\/pages"}],"about":[{"href":"https:\/\/conficon-hostesses.com\/es\/wp-json\/wp\/v2\/types\/page"}],"author":[{"embeddable":true,"href":"https:\/\/conficon-hostesses.com\/es\/wp-json\/wp\/v2\/users\/1"}],"replies":[{"embeddable":true,"href":"https:\/\/conficon-hostesses.com\/es\/wp-json\/wp\/v2\/comments?post=865"}],"version-history":[{"count":4,"href":"https:\/\/conficon-hostesses.com\/es\/wp-json\/wp\/v2\/pages\/865\/revisions"}],"predecessor-version":[{"id":1443,"href":"https:\/\/conficon-hostesses.com\/es\/wp-json\/wp\/v2\/pages\/865\/revisions\/1443"}],"wp:attachment":[{"href":"https:\/\/conficon-hostesses.com\/es\/wp-json\/wp\/v2\/media?parent=865"}],"curies":[{"name":"wp","href":"https:\/\/api.w.org\/{rel}","templated":true}]}}