{"id":878,"date":"2020-08-26T06:46:27","date_gmt":"2020-08-26T06:46:27","guid":{"rendered":"https:\/\/globals.app\/hostesses\/servicios\/promotoras\/"},"modified":"2020-08-27T08:43:52","modified_gmt":"2020-08-27T08:43:52","slug":"promotoras","status":"publish","type":"page","link":"https:\/\/conficon-hostesses.com\/es\/servicios\/promotoras\/","title":{"rendered":"Promotoras"},"content":{"rendered":"<p>[et_pb_section fb_built=\u00bb1&#8243; _builder_version=\u00bb4.5.6&#8243; _module_preset=\u00bbdefault\u00bb background_color=\u00bb#F2F2F2&#8243; custom_padding=\u00bb||100px||false|false\u00bb bottom_divider_style=\u00bbwave\u00bb bottom_divider_color=\u00bb#ffffff\u00bb bottom_divider_flip=\u00bbhorizontal|vertical\u00bb global_module=\u00bb481&#8243;][et_pb_row _builder_version=\u00bb4.5.6&#8243; _module_preset=\u00bbdefault\u00bb][et_pb_column type=\u00bb4_4&#8243; _builder_version=\u00bb4.5.6&#8243; _module_preset=\u00bbdefault\u00bb][et_pb_text _builder_version=\u00bb4.5.6&#8243; _dynamic_attributes=\u00bbcontent\u00bb _module_preset=\u00bbdefault\u00bb header_text_align=\u00bbcenter\u00bb]@ET-DC@eyJkeW5hbWljIjp0cnVlLCJjb250ZW50IjoicG9zdF90aXRsZSIsInNldHRpbmdzIjp7ImJlZm9yZSI6IjxoMT4iLCJhZnRlciI6IjxcL2gxPiJ9fQ==@[\/et_pb_text][\/et_pb_column][\/et_pb_row][\/et_pb_section][et_pb_section fb_built=\u00bb1&#8243; _builder_version=\u00bb4.5.6&#8243; _module_preset=\u00bbdefault\u00bb locked=\u00bboff\u00bb][et_pb_row _builder_version=\u00bb4.5.6&#8243; _module_preset=\u00bbdefault\u00bb][et_pb_column type=\u00bb4_4&#8243; _builder_version=\u00bb4.5.6&#8243; _module_preset=\u00bbdefault\u00bb][et_pb_text _builder_version=\u00bb4.5.6&#8243; _module_preset=\u00bbdefault\u00bb text_orientation=\u00bbcenter\u00bb]<\/p>\n<p>La mejor selecci\u00f3n de la persona m\u00e1s adecuada le garantizar\u00e1n el \u00e9xito de su producto.<br \/>\nUbicados en el mejor lugar y cumplimentando el informe de la acci\u00f3n, tendr\u00e1 pleno conocimiento de la campa\u00f1a realizada.<\/p>\n<p>[\/et_pb_text][\/et_pb_column][\/et_pb_row][\/et_pb_section][et_pb_section fb_built=\u00bb1&#8243; _builder_version=\u00bb4.5.6&#8243; _module_preset=\u00bbdefault\u00bb custom_padding=\u00bb20px||||false|false\u00bb][et_pb_row _builder_version=\u00bb4.5.8&#8243; _module_preset=\u00bbdefault\u00bb hover_enabled=\u00bb0&#8243; use_custom_gutter=\u00bbon\u00bb gutter_width=\u00bb2&#8243;][et_pb_column type=\u00bb4_4&#8243; _builder_version=\u00bb4.5.6&#8243; _module_preset=\u00bbdefault\u00bb][et_pb_text _builder_version=\u00bb4.5.8&#8243; _module_preset=\u00bbdefault\u00bb hover_enabled=\u00bb0&#8243;]<\/p>\n<h3>Promociones<\/h3>\n<p>[\/et_pb_text][et_pb_text _builder_version=\u00bb4.5.6&#8243; _module_preset=\u00bbdefault\u00bb]<\/p>\n<p>La mejor selecci\u00f3n de la persona mas adecuada le garantizaran el \u00e9xito de su producto.<br \/>\nUbicados en el mejor lugar y cumplimentando el informe de la acci\u00f3n, tendr\u00e1 pleno conocimiento de la campa\u00f1a realizada.<\/p>\n<p>[\/et_pb_text][et_pb_gallery _builder_version=\u00bb4.5.8&#8243; _module_preset=\u00bbdefault\u00bb gallery_ids=\u00bb1240,1242,1244,1246,1248,1250,1252,1254,1256,1258,1260,1262,1264,1266,1268,1270,1272,1274,1276,1278,1280,1282,1284,1286,1288&#8243; gallery_orderby=\u00bbrand\u00bb posts_number=\u00bb8&#8243; show_title_and_caption=\u00bboff\u00bb show_pagination=\u00bboff\u00bb zoom_icon_color=\u00bb#d7001d\u00bb hover_enabled=\u00bb0&#8243;][\/et_pb_gallery][\/et_pb_column][\/et_pb_row][et_pb_row _builder_version=\u00bb4.5.8&#8243; _module_preset=\u00bbdefault\u00bb hover_enabled=\u00bb0&#8243; make_equal=\u00bbon\u00bb use_custom_gutter=\u00bbon\u00bb gutter_width=\u00bb2&#8243;][et_pb_column type=\u00bb4_4&#8243; _builder_version=\u00bb4.5.6&#8243; _module_preset=\u00bbdefault\u00bb][et_pb_text _builder_version=\u00bb4.5.6&#8243; _module_preset=\u00bbdefault\u00bb]<\/p>\n<h3>Fiestas nocturnas<\/h3>\n<p>[\/et_pb_text][et_pb_text _builder_version=\u00bb4.5.6&#8243; _module_preset=\u00bbdefault\u00bb]<\/p>\n<p>El personal m\u00e1s adecuado a los actos festivos le garantizan el consumo de su producto y el pleno \u00e9xito de su campa\u00f1a.<br \/>\nEstamos a su disposici\u00f3n para cubrir cualquier local que nos solicite.<\/p>\n<p>[\/et_pb_text][et_pb_gallery _builder_version=\u00bb4.5.8&#8243; _module_preset=\u00bbdefault\u00bb gallery_ids=\u00bb1290,1292,1294,1296,1298,1300&#8243; gallery_orderby=\u00bbrand\u00bb show_title_and_caption=\u00bboff\u00bb show_pagination=\u00bboff\u00bb zoom_icon_color=\u00bb#d7001d\u00bb hover_enabled=\u00bb0&#8243;][\/et_pb_gallery][\/et_pb_column][\/et_pb_row][et_pb_row _builder_version=\u00bb4.5.8&#8243; _module_preset=\u00bbdefault\u00bb hover_enabled=\u00bb0&#8243; use_custom_gutter=\u00bbon\u00bb gutter_width=\u00bb2&#8243;][et_pb_column type=\u00bb4_4&#8243; _builder_version=\u00bb4.5.6&#8243; _module_preset=\u00bbdefault\u00bb][et_pb_text _builder_version=\u00bb4.5.6&#8243; _module_preset=\u00bbdefault\u00bb]<\/p>\n<h3>Reparto publicitario<\/h3>\n<p>[\/et_pb_text][et_pb_text _builder_version=\u00bb4.5.6&#8243; _module_preset=\u00bbdefault\u00bb]<\/p>\n<p>Nos desplazamos al lugar propuesto para conseguir la plena distribuci\u00f3n de la documentaci\u00f3n entregada.<br \/>\nUna selecci\u00f3n del perfil adecuado conseguir\u00e1n el mejor resultado de la campa\u00f1a preparada.<\/p>\n<p>[\/et_pb_text][\/et_pb_column][\/et_pb_row][\/et_pb_section][et_pb_section fb_built=\u00bb1&#8243; admin_label=\u00bbCTA conficon\u00bb _builder_version=\u00bb4.5.6&#8243; _module_preset=\u00bbdefault\u00bb background_image=\u00bbhttps:\/\/conficon-hostesses.com\/wp-content\/uploads\/2020\/08\/conficon.jpg\u00bb custom_padding=\u00bb69px||69px||false|false\u00bb global_module=\u00bb453&#8243; saved_tabs=\u00bball\u00bb][et_pb_row _builder_version=\u00bb4.5.6&#8243; _module_preset=\u00bbdefault\u00bb][et_pb_column type=\u00bb4_4&#8243; _builder_version=\u00bb4.5.6&#8243; _module_preset=\u00bbdefault\u00bb][et_pb_text _builder_version=\u00bb4.5.6&#8243; _module_preset=\u00bbdefault\u00bb header_text_align=\u00bbcenter\u00bb header_2_text_align=\u00bbcenter\u00bb text_orientation=\u00bbcenter\u00bb]<\/p>\n<p class=\"h4 text-blanc sombra\">\u00bfBuscas experiencias tur\u00edsticas?<\/p>\n<h2 class=\"h1 text-blanc sombra\">Visita Conficon Turisme<\/h2>\n<p>[\/et_pb_text][et_pb_button button_url=\u00bbhttps:\/\/conficon-turisme.com\/\u00bb url_new_window=\u00bbon\u00bb button_text=\u00bbVe a nuestra web\u00bb button_alignment=\u00bbcenter\u00bb module_class=\u00bbboto-blanc-roig\u00bb _builder_version=\u00bb4.5.6&#8243; _module_preset=\u00bbdefault\u00bb][\/et_pb_button][\/et_pb_column][\/et_pb_row][\/et_pb_section]<\/p>\n","protected":false},"excerpt":{"rendered":"<p>La mejor selecci\u00f3n de la persona m\u00e1s adecuada le garantizar\u00e1n el \u00e9xito de su producto. Ubicados en el mejor lugar y cumplimentando el informe de la acci\u00f3n, tendr\u00e1 pleno conocimiento de la campa\u00f1a realizada.PromocionesLa mejor selecci\u00f3n de la persona mas adecuada le garantizaran el \u00e9xito de su producto. Ubicados en el mejor lugar y cumplimentando [&hellip;]<\/p>\n","protected":false},"author":1,"featured_media":0,"parent":872,"menu_order":0,"comment_status":"closed","ping_status":"closed","template":"","meta":{"_et_pb_use_builder":"on","_et_pb_old_content":"","_et_gb_content_width":"","footnotes":""},"class_list":["post-878","page","type-page","status-publish","hentry"],"yoast_head":"<!-- This site is optimized with the Yoast SEO plugin v26.8 - https:\/\/yoast.com\/product\/yoast-seo-wordpress\/ -->\n<title>Promotoras - Conficon hostesses<\/title>\n<meta name=\"robots\" content=\"index, follow, max-snippet:-1, max-image-preview:large, max-video-preview:-1\" \/>\n<link rel=\"canonical\" href=\"https:\/\/conficon-hostesses.com\/es\/servicios\/promotoras\/\" \/>\n<meta property=\"og:locale\" content=\"es_ES\" \/>\n<meta property=\"og:type\" content=\"article\" \/>\n<meta property=\"og:title\" content=\"Promotoras - Conficon hostesses\" \/>\n<meta property=\"og:description\" content=\"La mejor selecci\u00f3n de la persona m\u00e1s adecuada le garantizar\u00e1n el \u00e9xito de su producto. Ubicados en el mejor lugar y cumplimentando el informe de la acci\u00f3n, tendr\u00e1 pleno conocimiento de la campa\u00f1a realizada.PromocionesLa mejor selecci\u00f3n de la persona mas adecuada le garantizaran el \u00e9xito de su producto. Ubicados en el mejor lugar y cumplimentando [&hellip;]\" \/>\n<meta property=\"og:url\" content=\"https:\/\/conficon-hostesses.com\/es\/servicios\/promotoras\/\" \/>\n<meta property=\"og:site_name\" content=\"Conficon hostesses\" \/>\n<meta property=\"article:modified_time\" content=\"2020-08-27T08:43:52+00:00\" \/>\n<meta name=\"twitter:card\" content=\"summary_large_image\" \/>\n<meta name=\"twitter:label1\" content=\"Tiempo de lectura\" \/>\n\t<meta name=\"twitter:data1\" content=\"3 minutos\" \/>\n<script type=\"application\/ld+json\" class=\"yoast-schema-graph\">{\"@context\":\"https:\/\/schema.org\",\"@graph\":[{\"@type\":\"WebPage\",\"@id\":\"https:\/\/conficon-hostesses.com\/es\/servicios\/promotoras\/\",\"url\":\"https:\/\/conficon-hostesses.com\/es\/servicios\/promotoras\/\",\"name\":\"Promotoras - Conficon hostesses\",\"isPartOf\":{\"@id\":\"https:\/\/conficon-hostesses.com\/es\/#website\"},\"datePublished\":\"2020-08-26T06:46:27+00:00\",\"dateModified\":\"2020-08-27T08:43:52+00:00\",\"breadcrumb\":{\"@id\":\"https:\/\/conficon-hostesses.com\/es\/servicios\/promotoras\/#breadcrumb\"},\"inLanguage\":\"es\",\"potentialAction\":[{\"@type\":\"ReadAction\",\"target\":[\"https:\/\/conficon-hostesses.com\/es\/servicios\/promotoras\/\"]}]},{\"@type\":\"BreadcrumbList\",\"@id\":\"https:\/\/conficon-hostesses.com\/es\/servicios\/promotoras\/#breadcrumb\",\"itemListElement\":[{\"@type\":\"ListItem\",\"position\":1,\"name\":\"Portada\",\"item\":\"https:\/\/conficon-hostesses.com\/es\/\"},{\"@type\":\"ListItem\",\"position\":2,\"name\":\"Servicios\",\"item\":\"https:\/\/conficon-hostesses.com\/es\/servicios\/\"},{\"@type\":\"ListItem\",\"position\":3,\"name\":\"Promotoras\"}]},{\"@type\":\"WebSite\",\"@id\":\"https:\/\/conficon-hostesses.com\/es\/#website\",\"url\":\"https:\/\/conficon-hostesses.com\/es\/\",\"name\":\"Conficon hostesses\",\"description\":\"\",\"publisher\":{\"@id\":\"https:\/\/conficon-hostesses.com\/es\/#organization\"},\"potentialAction\":[{\"@type\":\"SearchAction\",\"target\":{\"@type\":\"EntryPoint\",\"urlTemplate\":\"https:\/\/conficon-hostesses.com\/es\/?s={search_term_string}\"},\"query-input\":{\"@type\":\"PropertyValueSpecification\",\"valueRequired\":true,\"valueName\":\"search_term_string\"}}],\"inLanguage\":\"es\"},{\"@type\":\"Organization\",\"@id\":\"https:\/\/conficon-hostesses.com\/es\/#organization\",\"name\":\"Conficon hostesses\",\"url\":\"https:\/\/conficon-hostesses.com\/es\/\",\"logo\":{\"@type\":\"ImageObject\",\"inLanguage\":\"es\",\"@id\":\"https:\/\/conficon-hostesses.com\/es\/#\/schema\/logo\/image\/\",\"url\":\"https:\/\/conficon-hostesses.com\/wp-content\/uploads\/2020\/08\/logo-web.jpg\",\"contentUrl\":\"https:\/\/conficon-hostesses.com\/wp-content\/uploads\/2020\/08\/logo-web.jpg\",\"width\":151,\"height\":57,\"caption\":\"Conficon hostesses\"},\"image\":{\"@id\":\"https:\/\/conficon-hostesses.com\/es\/#\/schema\/logo\/image\/\"}}]}<\/script>\n<!-- \/ Yoast SEO plugin. -->","yoast_head_json":{"title":"Promotoras - Conficon hostesses","robots":{"index":"index","follow":"follow","max-snippet":"max-snippet:-1","max-image-preview":"max-image-preview:large","max-video-preview":"max-video-preview:-1"},"canonical":"https:\/\/conficon-hostesses.com\/es\/servicios\/promotoras\/","og_locale":"es_ES","og_type":"article","og_title":"Promotoras - Conficon hostesses","og_description":"La mejor selecci\u00f3n de la persona m\u00e1s adecuada le garantizar\u00e1n el \u00e9xito de su producto. Ubicados en el mejor lugar y cumplimentando el informe de la acci\u00f3n, tendr\u00e1 pleno conocimiento de la campa\u00f1a realizada.PromocionesLa mejor selecci\u00f3n de la persona mas adecuada le garantizaran el \u00e9xito de su producto. Ubicados en el mejor lugar y cumplimentando [&hellip;]","og_url":"https:\/\/conficon-hostesses.com\/es\/servicios\/promotoras\/","og_site_name":"Conficon hostesses","article_modified_time":"2020-08-27T08:43:52+00:00","twitter_card":"summary_large_image","twitter_misc":{"Tiempo de lectura":"3 minutos"},"schema":{"@context":"https:\/\/schema.org","@graph":[{"@type":"WebPage","@id":"https:\/\/conficon-hostesses.com\/es\/servicios\/promotoras\/","url":"https:\/\/conficon-hostesses.com\/es\/servicios\/promotoras\/","name":"Promotoras - Conficon hostesses","isPartOf":{"@id":"https:\/\/conficon-hostesses.com\/es\/#website"},"datePublished":"2020-08-26T06:46:27+00:00","dateModified":"2020-08-27T08:43:52+00:00","breadcrumb":{"@id":"https:\/\/conficon-hostesses.com\/es\/servicios\/promotoras\/#breadcrumb"},"inLanguage":"es","potentialAction":[{"@type":"ReadAction","target":["https:\/\/conficon-hostesses.com\/es\/servicios\/promotoras\/"]}]},{"@type":"BreadcrumbList","@id":"https:\/\/conficon-hostesses.com\/es\/servicios\/promotoras\/#breadcrumb","itemListElement":[{"@type":"ListItem","position":1,"name":"Portada","item":"https:\/\/conficon-hostesses.com\/es\/"},{"@type":"ListItem","position":2,"name":"Servicios","item":"https:\/\/conficon-hostesses.com\/es\/servicios\/"},{"@type":"ListItem","position":3,"name":"Promotoras"}]},{"@type":"WebSite","@id":"https:\/\/conficon-hostesses.com\/es\/#website","url":"https:\/\/conficon-hostesses.com\/es\/","name":"Conficon hostesses","description":"","publisher":{"@id":"https:\/\/conficon-hostesses.com\/es\/#organization"},"potentialAction":[{"@type":"SearchAction","target":{"@type":"EntryPoint","urlTemplate":"https:\/\/conficon-hostesses.com\/es\/?s={search_term_string}"},"query-input":{"@type":"PropertyValueSpecification","valueRequired":true,"valueName":"search_term_string"}}],"inLanguage":"es"},{"@type":"Organization","@id":"https:\/\/conficon-hostesses.com\/es\/#organization","name":"Conficon hostesses","url":"https:\/\/conficon-hostesses.com\/es\/","logo":{"@type":"ImageObject","inLanguage":"es","@id":"https:\/\/conficon-hostesses.com\/es\/#\/schema\/logo\/image\/","url":"https:\/\/conficon-hostesses.com\/wp-content\/uploads\/2020\/08\/logo-web.jpg","contentUrl":"https:\/\/conficon-hostesses.com\/wp-content\/uploads\/2020\/08\/logo-web.jpg","width":151,"height":57,"caption":"Conficon hostesses"},"image":{"@id":"https:\/\/conficon-hostesses.com\/es\/#\/schema\/logo\/image\/"}}]}},"_links":{"self":[{"href":"https:\/\/conficon-hostesses.com\/es\/wp-json\/wp\/v2\/pages\/878","targetHints":{"allow":["GET"]}}],"collection":[{"href":"https:\/\/conficon-hostesses.com\/es\/wp-json\/wp\/v2\/pages"}],"about":[{"href":"https:\/\/conficon-hostesses.com\/es\/wp-json\/wp\/v2\/types\/page"}],"author":[{"embeddable":true,"href":"https:\/\/conficon-hostesses.com\/es\/wp-json\/wp\/v2\/users\/1"}],"replies":[{"embeddable":true,"href":"https:\/\/conficon-hostesses.com\/es\/wp-json\/wp\/v2\/comments?post=878"}],"version-history":[{"count":7,"href":"https:\/\/conficon-hostesses.com\/es\/wp-json\/wp\/v2\/pages\/878\/revisions"}],"predecessor-version":[{"id":1305,"href":"https:\/\/conficon-hostesses.com\/es\/wp-json\/wp\/v2\/pages\/878\/revisions\/1305"}],"up":[{"embeddable":true,"href":"https:\/\/conficon-hostesses.com\/es\/wp-json\/wp\/v2\/pages\/872"}],"wp:attachment":[{"href":"https:\/\/conficon-hostesses.com\/es\/wp-json\/wp\/v2\/media?parent=878"}],"curies":[{"name":"wp","href":"https:\/\/api.w.org\/{rel}","templated":true}]}}