{"id":899,"date":"2020-08-26T07:12:16","date_gmt":"2020-08-26T07:12:16","guid":{"rendered":"https:\/\/globals.app\/hostesses\/empresa\/"},"modified":"2020-09-10T09:08:44","modified_gmt":"2020-09-10T09:08:44","slug":"empresa","status":"publish","type":"page","link":"https:\/\/conficon-hostesses.com\/es\/empresa\/","title":{"rendered":"Empresa"},"content":{"rendered":"<p>[et_pb_section fb_built=\u00bb1&#8243; _builder_version=\u00bb4.5.6&#8243; _module_preset=\u00bbdefault\u00bb background_color=\u00bb#F2F2F2&#8243; custom_padding=\u00bb||100px||false|false\u00bb bottom_divider_style=\u00bbwave\u00bb bottom_divider_color=\u00bb#ffffff\u00bb bottom_divider_flip=\u00bbhorizontal|vertical\u00bb global_module=\u00bb481&#8243; saved_tabs=\u00bball\u00bb][et_pb_row _builder_version=\u00bb4.5.6&#8243; _module_preset=\u00bbdefault\u00bb][et_pb_column type=\u00bb4_4&#8243; _builder_version=\u00bb4.5.6&#8243; _module_preset=\u00bbdefault\u00bb][et_pb_text _builder_version=\u00bb4.5.6&#8243; _dynamic_attributes=\u00bbcontent\u00bb _module_preset=\u00bbdefault\u00bb header_text_align=\u00bbcenter\u00bb]@ET-DC@eyJkeW5hbWljIjp0cnVlLCJjb250ZW50IjoicG9zdF90aXRsZSIsInNldHRpbmdzIjp7ImJlZm9yZSI6IjxoMT4iLCJhZnRlciI6IjxcL2gxPiJ9fQ==@[\/et_pb_text][\/et_pb_column][\/et_pb_row][\/et_pb_section][et_pb_section fb_built=\u00bb1&#8243; _builder_version=\u00bb4.5.6&#8243; _module_preset=\u00bbdefault\u00bb][et_pb_row _builder_version=\u00bb4.5.6&#8243; _module_preset=\u00bbdefault\u00bb][et_pb_column type=\u00bb4_4&#8243; _builder_version=\u00bb4.5.6&#8243; _module_preset=\u00bbdefault\u00bb][et_pb_text _builder_version=\u00bb4.5.6&#8243; _module_preset=\u00bbdefault\u00bb text_orientation=\u00bbcenter\u00bb]<\/p>\n<p>Conficon Hostesses es una empresa creada en el a\u00f1o 1995, con sede en Tortosa, Tarragona y Castell\u00f3n. Estamos especializados en dar servicios de azafatas y guias tur\u00edsticas.<\/p>\n<p>Nuestra experiencia en este campo nos hace estar preparados para adaptarnos a las necesidades de los clientes y cubrir cualquier evento de azafatas y promotoras para dar el mejor grado de satisfacci\u00f3n en el servicio: congresos, convenciones, fiestas promocionales, inauguraciones, ferias, lanzamiento de nuevos productos, desfiles de moda&#8230;<\/p>\n<p>[\/et_pb_text][\/et_pb_column][\/et_pb_row][et_pb_row column_structure=\u00bb1_3,1_3,1_3&#8243; use_custom_gutter=\u00bbon\u00bb gutter_width=\u00bb2&#8243; _builder_version=\u00bb4.5.6&#8243; _module_preset=\u00bbdefault\u00bb][et_pb_column type=\u00bb1_3&#8243; _builder_version=\u00bb4.5.6&#8243; _module_preset=\u00bbdefault\u00bb][et_pb_image src=\u00bbhttps:\/\/conficon-hostesses.com\/wp-content\/uploads\/2020\/08\/empresa1.jpg\u00bb title_text=\u00bbempresa1&#8243; _builder_version=\u00bb4.5.8&#8243; _module_preset=\u00bbdefault\u00bb][\/et_pb_image][\/et_pb_column][et_pb_column type=\u00bb1_3&#8243; _builder_version=\u00bb4.5.6&#8243; _module_preset=\u00bbdefault\u00bb][et_pb_image src=\u00bbhttps:\/\/conficon-hostesses.com\/wp-content\/uploads\/2020\/08\/empresa2.jpg\u00bb title_text=\u00bbempresa2&#8243; _builder_version=\u00bb4.5.8&#8243; _module_preset=\u00bbdefault\u00bb][\/et_pb_image][\/et_pb_column][et_pb_column type=\u00bb1_3&#8243; _builder_version=\u00bb4.5.6&#8243; _module_preset=\u00bbdefault\u00bb][et_pb_image src=\u00bbhttps:\/\/conficon-hostesses.com\/wp-content\/uploads\/2020\/08\/empresa4.jpg\u00bb title_text=\u00bbempresa4&#8243; _builder_version=\u00bb4.5.8&#8243; _module_preset=\u00bbdefault\u00bb][\/et_pb_image][\/et_pb_column][\/et_pb_row][\/et_pb_section][et_pb_section fb_built=\u00bb1&#8243; admin_label=\u00bbIcones\u00bb _builder_version=\u00bb4.5.6&#8243; custom_padding=\u00bb4px||88px||false|false\u00bb locked=\u00bboff\u00bb][et_pb_row column_structure=\u00bb1_2,1_2&#8243; _builder_version=\u00bb3.25&#8243; background_size=\u00bbinitial\u00bb background_position=\u00bbtop_left\u00bb background_repeat=\u00bbrepeat\u00bb][et_pb_column type=\u00bb1_2&#8243; _builder_version=\u00bb3.25&#8243; custom_padding=\u00bb|||\u00bb custom_padding__hover=\u00bb|||\u00bb][et_pb_blurb title=\u00bbUbicaci\u00f3n\u00bb image=\u00bbhttps:\/\/conficon-hostesses.com\/wp-content\/uploads\/2020\/09\/uyl\u00b4-13.png\u00bb content_max_width=\u00bb377px\u00bb _builder_version=\u00bb4.6.1&#8243; _dynamic_attributes=\u00bblink_option_url\u00bb _module_preset=\u00bbdefault\u00bb header_font=\u00bb|800|||||||\u00bb header_text_align=\u00bbcenter\u00bb header_font_size=\u00bb20px\u00bb body_text_align=\u00bbcenter\u00bb module_alignment=\u00bbcenter\u00bb animation=\u00bboff\u00bb link_option_url=\u00bb@ET-DC@eyJkeW5hbWljIjp0cnVlLCJjb250ZW50IjoicG9zdF9saW5rX3VybF9wYWdlIiwic2V0dGluZ3MiOnsicG9zdF9pZCI6IjIyIn19@\u00bb hover_enabled=\u00bb0&#8243; image__hover_enabled=\u00bbon|hover\u00bb image__hover=\u00bbhttps:\/\/conficon-hostesses.com\/wp-content\/uploads\/2020\/09\/uyl\u00b4-14.png\u00bb title_text=\u00bbuyl\u00b4,-14&#8243; sticky_enabled=\u00bb0&#8243;]<\/p>\n<p>Las oficinas donde nos pod\u00e9is encontrar en Tarragona y Tortosa.<\/p>\n<p>[\/et_pb_blurb][\/et_pb_column][et_pb_column type=\u00bb1_2&#8243; _builder_version=\u00bb3.25&#8243; custom_padding=\u00bb|||\u00bb custom_padding__hover=\u00bb|||\u00bb][et_pb_blurb title=\u00bbBolsa de trabajo\u00bb image=\u00bbhttps:\/\/conficon-hostesses.com\/wp-content\/uploads\/2020\/09\/q-02.png\u00bb content_max_width=\u00bb377px\u00bb _builder_version=\u00bb4.6.1&#8243; _dynamic_attributes=\u00bblink_option_url\u00bb _module_preset=\u00bbdefault\u00bb header_font=\u00bb|800|||||||\u00bb header_text_align=\u00bbcenter\u00bb header_font_size=\u00bb20px\u00bb body_text_align=\u00bbcenter\u00bb module_alignment=\u00bbcenter\u00bb animation=\u00bboff\u00bb link_option_url=\u00bb@ET-DC@eyJkeW5hbWljIjp0cnVlLCJjb250ZW50IjoicG9zdF9saW5rX3VybF9wYWdlIiwic2V0dGluZ3MiOnsicG9zdF9pZCI6IjI0In19@\u00bb hover_enabled=\u00bb0&#8243; image__hover_enabled=\u00bbon|hover\u00bb image__hover=\u00bbhttps:\/\/conficon-hostesses.com\/wp-content\/uploads\/2020\/09\/q-07.png\u00bb width__hover_enabled=\u00bboff|desktop\u00bb title_text=\u00bbq-07&#8243; sticky_enabled=\u00bb0&#8243;]<\/p>\n<p>\u00a1Ap\u00fantate a la bolsa de trabajo y trabaja con nosotros!<\/p>\n<p>[\/et_pb_blurb][\/et_pb_column][\/et_pb_row][\/et_pb_section][et_pb_section fb_built=\u00bb1&#8243; admin_label=\u00bbCTA conficon\u00bb _builder_version=\u00bb4.5.6&#8243; _module_preset=\u00bbdefault\u00bb background_image=\u00bbhttps:\/\/conficon-hostesses.com\/wp-content\/uploads\/2020\/08\/conficon.jpg\u00bb custom_padding=\u00bb69px||69px||false|false\u00bb global_module=\u00bb453&#8243; saved_tabs=\u00bball\u00bb][et_pb_row _builder_version=\u00bb4.5.6&#8243; _module_preset=\u00bbdefault\u00bb][et_pb_column type=\u00bb4_4&#8243; _builder_version=\u00bb4.5.6&#8243; _module_preset=\u00bbdefault\u00bb][et_pb_text _builder_version=\u00bb4.5.6&#8243; _module_preset=\u00bbdefault\u00bb header_text_align=\u00bbcenter\u00bb header_2_text_align=\u00bbcenter\u00bb text_orientation=\u00bbcenter\u00bb]<\/p>\n<p class=\"h4 text-blanc sombra\">\u00bfBuscas experiencias tur\u00edsticas?<\/p>\n<h2 class=\"h1 text-blanc sombra\">Visita Conficon Turisme<\/h2>\n<p>[\/et_pb_text][et_pb_button button_url=\u00bbhttps:\/\/conficon-turisme.com\/\u00bb url_new_window=\u00bbon\u00bb button_text=\u00bbVe a nuestra web\u00bb button_alignment=\u00bbcenter\u00bb module_class=\u00bbboto-blanc-roig\u00bb _builder_version=\u00bb4.5.6&#8243; _module_preset=\u00bbdefault\u00bb][\/et_pb_button][\/et_pb_column][\/et_pb_row][\/et_pb_section]<\/p>\n","protected":false},"excerpt":{"rendered":"<p>Conficon Hostesses es una empresa creada en el a\u00f1o 1995, con sede en Tortosa, Tarragona y Castell\u00f3n. Estamos especializados en dar servicios de azafatas y guias tur\u00edsticas. Nuestra experiencia en este campo nos hace estar preparados para adaptarnos a las necesidades de los clientes y cubrir cualquier evento de azafatas y promotoras para dar el [&hellip;]<\/p>\n","protected":false},"author":1,"featured_media":0,"parent":0,"menu_order":0,"comment_status":"closed","ping_status":"closed","template":"","meta":{"_et_pb_use_builder":"on","_et_pb_old_content":"","_et_gb_content_width":"","footnotes":""},"class_list":["post-899","page","type-page","status-publish","hentry"],"yoast_head":"<!-- This site is optimized with the Yoast SEO plugin v26.8 - https:\/\/yoast.com\/product\/yoast-seo-wordpress\/ -->\n<title>Empresa - Conficon hostesses<\/title>\n<meta name=\"robots\" content=\"index, follow, max-snippet:-1, max-image-preview:large, max-video-preview:-1\" \/>\n<link rel=\"canonical\" href=\"https:\/\/conficon-hostesses.com\/es\/empresa\/\" \/>\n<meta property=\"og:locale\" content=\"es_ES\" \/>\n<meta property=\"og:type\" content=\"article\" \/>\n<meta property=\"og:title\" content=\"Empresa - Conficon hostesses\" \/>\n<meta property=\"og:description\" content=\"Conficon Hostesses es una empresa creada en el a\u00f1o 1995, con sede en Tortosa, Tarragona y Castell\u00f3n. Estamos especializados en dar servicios de azafatas y guias tur\u00edsticas. Nuestra experiencia en este campo nos hace estar preparados para adaptarnos a las necesidades de los clientes y cubrir cualquier evento de azafatas y promotoras para dar el [&hellip;]\" \/>\n<meta property=\"og:url\" content=\"https:\/\/conficon-hostesses.com\/es\/empresa\/\" \/>\n<meta property=\"og:site_name\" content=\"Conficon hostesses\" \/>\n<meta property=\"article:modified_time\" content=\"2020-09-10T09:08:44+00:00\" \/>\n<meta name=\"twitter:card\" content=\"summary_large_image\" \/>\n<meta name=\"twitter:label1\" content=\"Tiempo de lectura\" \/>\n\t<meta name=\"twitter:data1\" content=\"4 minutos\" \/>\n<script type=\"application\/ld+json\" class=\"yoast-schema-graph\">{\"@context\":\"https:\/\/schema.org\",\"@graph\":[{\"@type\":\"WebPage\",\"@id\":\"https:\/\/conficon-hostesses.com\/es\/empresa\/\",\"url\":\"https:\/\/conficon-hostesses.com\/es\/empresa\/\",\"name\":\"Empresa - Conficon hostesses\",\"isPartOf\":{\"@id\":\"https:\/\/conficon-hostesses.com\/es\/#website\"},\"datePublished\":\"2020-08-26T07:12:16+00:00\",\"dateModified\":\"2020-09-10T09:08:44+00:00\",\"breadcrumb\":{\"@id\":\"https:\/\/conficon-hostesses.com\/es\/empresa\/#breadcrumb\"},\"inLanguage\":\"es\",\"potentialAction\":[{\"@type\":\"ReadAction\",\"target\":[\"https:\/\/conficon-hostesses.com\/es\/empresa\/\"]}]},{\"@type\":\"BreadcrumbList\",\"@id\":\"https:\/\/conficon-hostesses.com\/es\/empresa\/#breadcrumb\",\"itemListElement\":[{\"@type\":\"ListItem\",\"position\":1,\"name\":\"Portada\",\"item\":\"https:\/\/conficon-hostesses.com\/es\/\"},{\"@type\":\"ListItem\",\"position\":2,\"name\":\"Empresa\"}]},{\"@type\":\"WebSite\",\"@id\":\"https:\/\/conficon-hostesses.com\/es\/#website\",\"url\":\"https:\/\/conficon-hostesses.com\/es\/\",\"name\":\"Conficon hostesses\",\"description\":\"\",\"publisher\":{\"@id\":\"https:\/\/conficon-hostesses.com\/es\/#organization\"},\"potentialAction\":[{\"@type\":\"SearchAction\",\"target\":{\"@type\":\"EntryPoint\",\"urlTemplate\":\"https:\/\/conficon-hostesses.com\/es\/?s={search_term_string}\"},\"query-input\":{\"@type\":\"PropertyValueSpecification\",\"valueRequired\":true,\"valueName\":\"search_term_string\"}}],\"inLanguage\":\"es\"},{\"@type\":\"Organization\",\"@id\":\"https:\/\/conficon-hostesses.com\/es\/#organization\",\"name\":\"Conficon hostesses\",\"url\":\"https:\/\/conficon-hostesses.com\/es\/\",\"logo\":{\"@type\":\"ImageObject\",\"inLanguage\":\"es\",\"@id\":\"https:\/\/conficon-hostesses.com\/es\/#\/schema\/logo\/image\/\",\"url\":\"https:\/\/conficon-hostesses.com\/wp-content\/uploads\/2020\/08\/logo-web.jpg\",\"contentUrl\":\"https:\/\/conficon-hostesses.com\/wp-content\/uploads\/2020\/08\/logo-web.jpg\",\"width\":151,\"height\":57,\"caption\":\"Conficon hostesses\"},\"image\":{\"@id\":\"https:\/\/conficon-hostesses.com\/es\/#\/schema\/logo\/image\/\"}}]}<\/script>\n<!-- \/ Yoast SEO plugin. -->","yoast_head_json":{"title":"Empresa - Conficon hostesses","robots":{"index":"index","follow":"follow","max-snippet":"max-snippet:-1","max-image-preview":"max-image-preview:large","max-video-preview":"max-video-preview:-1"},"canonical":"https:\/\/conficon-hostesses.com\/es\/empresa\/","og_locale":"es_ES","og_type":"article","og_title":"Empresa - Conficon hostesses","og_description":"Conficon Hostesses es una empresa creada en el a\u00f1o 1995, con sede en Tortosa, Tarragona y Castell\u00f3n. Estamos especializados en dar servicios de azafatas y guias tur\u00edsticas. Nuestra experiencia en este campo nos hace estar preparados para adaptarnos a las necesidades de los clientes y cubrir cualquier evento de azafatas y promotoras para dar el [&hellip;]","og_url":"https:\/\/conficon-hostesses.com\/es\/empresa\/","og_site_name":"Conficon hostesses","article_modified_time":"2020-09-10T09:08:44+00:00","twitter_card":"summary_large_image","twitter_misc":{"Tiempo de lectura":"4 minutos"},"schema":{"@context":"https:\/\/schema.org","@graph":[{"@type":"WebPage","@id":"https:\/\/conficon-hostesses.com\/es\/empresa\/","url":"https:\/\/conficon-hostesses.com\/es\/empresa\/","name":"Empresa - Conficon hostesses","isPartOf":{"@id":"https:\/\/conficon-hostesses.com\/es\/#website"},"datePublished":"2020-08-26T07:12:16+00:00","dateModified":"2020-09-10T09:08:44+00:00","breadcrumb":{"@id":"https:\/\/conficon-hostesses.com\/es\/empresa\/#breadcrumb"},"inLanguage":"es","potentialAction":[{"@type":"ReadAction","target":["https:\/\/conficon-hostesses.com\/es\/empresa\/"]}]},{"@type":"BreadcrumbList","@id":"https:\/\/conficon-hostesses.com\/es\/empresa\/#breadcrumb","itemListElement":[{"@type":"ListItem","position":1,"name":"Portada","item":"https:\/\/conficon-hostesses.com\/es\/"},{"@type":"ListItem","position":2,"name":"Empresa"}]},{"@type":"WebSite","@id":"https:\/\/conficon-hostesses.com\/es\/#website","url":"https:\/\/conficon-hostesses.com\/es\/","name":"Conficon hostesses","description":"","publisher":{"@id":"https:\/\/conficon-hostesses.com\/es\/#organization"},"potentialAction":[{"@type":"SearchAction","target":{"@type":"EntryPoint","urlTemplate":"https:\/\/conficon-hostesses.com\/es\/?s={search_term_string}"},"query-input":{"@type":"PropertyValueSpecification","valueRequired":true,"valueName":"search_term_string"}}],"inLanguage":"es"},{"@type":"Organization","@id":"https:\/\/conficon-hostesses.com\/es\/#organization","name":"Conficon hostesses","url":"https:\/\/conficon-hostesses.com\/es\/","logo":{"@type":"ImageObject","inLanguage":"es","@id":"https:\/\/conficon-hostesses.com\/es\/#\/schema\/logo\/image\/","url":"https:\/\/conficon-hostesses.com\/wp-content\/uploads\/2020\/08\/logo-web.jpg","contentUrl":"https:\/\/conficon-hostesses.com\/wp-content\/uploads\/2020\/08\/logo-web.jpg","width":151,"height":57,"caption":"Conficon hostesses"},"image":{"@id":"https:\/\/conficon-hostesses.com\/es\/#\/schema\/logo\/image\/"}}]}},"_links":{"self":[{"href":"https:\/\/conficon-hostesses.com\/es\/wp-json\/wp\/v2\/pages\/899","targetHints":{"allow":["GET"]}}],"collection":[{"href":"https:\/\/conficon-hostesses.com\/es\/wp-json\/wp\/v2\/pages"}],"about":[{"href":"https:\/\/conficon-hostesses.com\/es\/wp-json\/wp\/v2\/types\/page"}],"author":[{"embeddable":true,"href":"https:\/\/conficon-hostesses.com\/es\/wp-json\/wp\/v2\/users\/1"}],"replies":[{"embeddable":true,"href":"https:\/\/conficon-hostesses.com\/es\/wp-json\/wp\/v2\/comments?post=899"}],"version-history":[{"count":6,"href":"https:\/\/conficon-hostesses.com\/es\/wp-json\/wp\/v2\/pages\/899\/revisions"}],"predecessor-version":[{"id":1437,"href":"https:\/\/conficon-hostesses.com\/es\/wp-json\/wp\/v2\/pages\/899\/revisions\/1437"}],"wp:attachment":[{"href":"https:\/\/conficon-hostesses.com\/es\/wp-json\/wp\/v2\/media?parent=899"}],"curies":[{"name":"wp","href":"https:\/\/api.w.org\/{rel}","templated":true}]}}