{"id":909,"date":"2020-08-26T07:22:03","date_gmt":"2020-08-26T07:22:03","guid":{"rendered":"https:\/\/globals.app\/hostesses\/contactar\/"},"modified":"2020-08-26T07:22:03","modified_gmt":"2020-08-26T07:22:03","slug":"contactar","status":"publish","type":"page","link":"https:\/\/conficon-hostesses.com\/es\/contactar\/","title":{"rendered":"Contactar"},"content":{"rendered":"<p>[et_pb_section fb_built=\u00bb1&#8243; _builder_version=\u00bb4.5.6&#8243; _module_preset=\u00bbdefault\u00bb background_color=\u00bb#F2F2F2&#8243; custom_padding=\u00bb||100px||false|false\u00bb bottom_divider_style=\u00bbwave\u00bb bottom_divider_color=\u00bb#ffffff\u00bb bottom_divider_flip=\u00bbhorizontal|vertical\u00bb global_module=\u00bb481&#8243;][et_pb_row _builder_version=\u00bb4.5.6&#8243; _module_preset=\u00bbdefault\u00bb][et_pb_column type=\u00bb4_4&#8243; _builder_version=\u00bb4.5.6&#8243; _module_preset=\u00bbdefault\u00bb][et_pb_text _builder_version=\u00bb4.5.6&#8243; _dynamic_attributes=\u00bbcontent\u00bb _module_preset=\u00bbdefault\u00bb header_text_align=\u00bbcenter\u00bb]@ET-DC@eyJkeW5hbWljIjp0cnVlLCJjb250ZW50IjoicG9zdF90aXRsZSIsInNldHRpbmdzIjp7ImJlZm9yZSI6IjxoMT4iLCJhZnRlciI6IjxcL2gxPiJ9fQ==@[\/et_pb_text][\/et_pb_column][\/et_pb_row][\/et_pb_section][et_pb_section fb_built=\u00bb1&#8243; _builder_version=\u00bb4.5.6&#8243; _module_preset=\u00bbdefault\u00bb][et_pb_row column_structure=\u00bb1_2,1_2&#8243; _builder_version=\u00bb4.5.6&#8243; _module_preset=\u00bbdefault\u00bb][et_pb_column type=\u00bb1_2&#8243; _builder_version=\u00bb4.5.6&#8243; _module_preset=\u00bbdefault\u00bb][et_pb_code module_class=\u00bbcontacte_formulari\u00bb _builder_version=\u00bb4.5.6&#8243; _module_preset=\u00bbdefault\u00bb]\n<div class=\"wpcf7 no-js\" id=\"wpcf7-f908-o1\" lang=\"es-ES\" dir=\"ltr\" data-wpcf7-id=\"908\">\n<div class=\"screen-reader-response\"><p role=\"status\" aria-live=\"polite\" aria-atomic=\"true\"><\/p> <ul><\/ul><\/div>\n<form action=\"\/es\/wp-json\/wp\/v2\/pages\/909#wpcf7-f908-o1\" method=\"post\" class=\"wpcf7-form init wpcf7-acceptance-as-validation\" aria-label=\"Formulario de contacto\" novalidate=\"novalidate\" data-status=\"init\">\n<fieldset class=\"hidden-fields-container\"><input type=\"hidden\" name=\"_wpcf7\" value=\"908\" \/><input type=\"hidden\" name=\"_wpcf7_version\" value=\"6.1.5\" \/><input type=\"hidden\" name=\"_wpcf7_locale\" value=\"es_ES\" \/><input type=\"hidden\" name=\"_wpcf7_unit_tag\" value=\"wpcf7-f908-o1\" \/><input type=\"hidden\" name=\"_wpcf7_container_post\" value=\"0\" \/><input type=\"hidden\" name=\"_wpcf7_posted_data_hash\" value=\"\" \/><input type=\"hidden\" name=\"_wpcf7_recaptcha_response\" value=\"\" \/>\n<\/fieldset>\n<p><label> Nombre<br \/>\n<span class=\"wpcf7-form-control-wrap\" data-name=\"nom\"><input size=\"40\" maxlength=\"400\" class=\"wpcf7-form-control wpcf7-text wpcf7-validates-as-required\" aria-required=\"true\" aria-invalid=\"false\" value=\"\" type=\"text\" name=\"nom\" \/><\/span> <\/label>\n<\/p>\n<p><label> Correo electr\u00f3nico<br \/>\n<span class=\"wpcf7-form-control-wrap\" data-name=\"email\"><input size=\"40\" maxlength=\"400\" class=\"wpcf7-form-control wpcf7-email wpcf7-validates-as-required wpcf7-text wpcf7-validates-as-email\" aria-required=\"true\" aria-invalid=\"false\" value=\"\" type=\"email\" name=\"email\" \/><\/span> <\/label>\n<\/p>\n<p><label> Tel\u00e9fono<br \/>\n<span class=\"wpcf7-form-control-wrap\" data-name=\"telefon\"><input size=\"40\" maxlength=\"400\" class=\"wpcf7-form-control wpcf7-tel wpcf7-text wpcf7-validates-as-tel\" aria-invalid=\"false\" value=\"\" type=\"tel\" name=\"telefon\" \/><\/span> <\/label>\n<\/p>\n<p><label> Mensaje<br \/>\n<span class=\"wpcf7-form-control-wrap\" data-name=\"missatge\"><textarea cols=\"40\" rows=\"10\" maxlength=\"2000\" class=\"wpcf7-form-control wpcf7-textarea\" aria-invalid=\"false\" name=\"missatge\"><\/textarea><\/span> <\/label>\n<\/p>\n<div style=\"margin-top:20px;margin-bottom:20px;\">\n\t<div class=\"et_pb_module et_pb_toggle et_pb_toggle_0 et_pb_toggle_item et_pb_toggle_close\">\n\t\t<h5 class=\"et_pb_toggle_title consentiment\">Leer el consentimiento para el tratamiento de datos personales\n\t\t<\/h5>\n\t\t<div class=\"et_pb_toggle_content clearfix\" style=\"display: none;\">\n\t\t\t<p><strong>CONFICON HOSTESSES, SL<\/strong> es el Responsable del tratamiento de los datos personales del Usuario y le informa que estos datos ser\u00e1n tratados de conformidad con lo dispuesto en el Reglamento (UE) 2016\/679 de 27 de abril (GDPR) y la Ley Org\u00e1nica 3\/2018 de 5 de diciembre (LOPDGDD), por lo que se le facilita la siguiente informaci\u00f3n del tratamiento:\n\t\t\t<\/p>\n\t\t\t<p><strong>Fin del tratamiento:<\/strong> Por inter\u00e9s leg\u00edtimo del responsable: mantener una relaci\u00f3n comercial. Por consentimiento del interesado: el env\u00edo de comunicaciones de productos y\/o servicios.\n\t\t\t<\/p>\n\t\t\t<p><strong>Criterios de conservaci\u00f3n de los datos:<\/strong> Se conservar\u00e1n durante no m\u00e1s tiempo del necesario para mantener el fin del tratamiento y cuando ya no sea necesario para tal fin, se suprimir\u00e1n con medidas de seguridad adecuadas para garantizar la seudonimizaci\u00f3n de los datos o la destrucci\u00f3n total de los mismos.\n\t\t\t<\/p>\n\t\t\t<p><strong>Comunicaci\u00f3n de los datos:<\/strong> No se comunicar\u00e1n los datos a terceros, salvo obligaci\u00f3n legal.\n\t\t\t<\/p>\n\t\t\t<p><strong>Derechos que asisten al Usuario:<\/strong>\n\t\t\t<\/p>\n\t\t\t<ul>\n\t\t\t\t<li>\n\t\t\t\t\t<p>Derecho a retirar el consentimiento en cualquier momento.\n\t\t\t\t\t<\/p>\n\t\t\t\t<\/li>\n\t\t\t\t<li>\n\t\t\t\t\t<p>Derecho de acceso, rectificaci\u00f3n, portabilidad y supresi\u00f3n de sus datos y a la limitaci\u00f3n u oposici\u00f3n al su tratamiento.\n\t\t\t\t\t<\/p>\n\t\t\t\t<\/li>\n\t\t\t\t<li>\n\t\t\t\t\t<p>Derecho a presentar una reclamaci\u00f3n ante la Autoridad de control (www.aepd.es) si considera que el tratamiento no se ajusta a la normativa vigente.\n\t\t\t\t\t<\/p>\n\t\t\t\t<\/li>\n\t\t\t<\/ul>\n\t\t\t<p><strong>Datos de contacto para ejercer sus derechos:<\/strong><br \/>\nDirecci\u00f3n postal: CONFICON HOSTESSES, SL. C\/Pintor Gimeno 1, Tortosa, 43500 Tarragona. Correo electr\u00f3nico: tortosa@conficon-hostesses.com.\n\t\t\t<\/p>\n\t\t\t<p>Para continuar usted debe aceptar que ha le\u00eddo y est\u00e1 conforme con la cl\u00e1usula anterior.\n\t\t\t<\/p>\n\t\t<\/div>\n\t<\/div>\n<\/div>\n<div class=\"contacte-accepto\">\n\t<p><span class=\"wpcf7-form-control-wrap\" data-name=\"your-consent\"><span class=\"wpcf7-form-control wpcf7-acceptance\"><span class=\"wpcf7-list-item\"><label><input type=\"checkbox\" name=\"your-consent\" value=\"1\" aria-invalid=\"false\" \/><span class=\"wpcf7-list-item-label\">He le\u00eddo y acepto la <a href=\"https:\/\/conficon-hostesses.com\/es\/politica-de-privacidad\/\" target=\"_blank\">pol\u00edtica de privacidad<\/a><\/span><\/label><\/span><\/span><\/span>\n\t<\/p>\n<\/div>\n<div class=\"contacte-captcha\" style=\"margin-bottom: 20px;\">\n<span class=\"wpcf7-form-control-wrap recaptcha\" data-name=\"recaptcha\"><span data-sitekey=\"6LedoNsUAAAAACmMNEvjTL2Ezhh_Ph9-j7MAZ1O4\" class=\"wpcf7-form-control wpcf7-recaptcha g-recaptcha\"><\/span>\r\n<noscript>\r\n\t<div class=\"grecaptcha-noscript\">\r\n\t\t<iframe loading=\"lazy\" src=\"https:\/\/www.google.com\/recaptcha\/api\/fallback?k=6LedoNsUAAAAACmMNEvjTL2Ezhh_Ph9-j7MAZ1O4\" frameborder=\"0\" scrolling=\"no\" width=\"310\" height=\"430\">\r\n\t\t<\/iframe>\r\n\t\t<textarea name=\"g-recaptcha-response\" rows=\"3\" cols=\"40\" placeholder=\"Aqu\u00ed la respuesta de reCAPTCHA\">\r\n\t\t<\/textarea>\r\n\t<\/div>\r\n<\/noscript>\r\n<\/span>\n<\/div>\n<div class=\"contacte-submit\">\n\t<p><input class=\"wpcf7-form-control wpcf7-submit has-spinner et_pb_button boto-blanc-roig boto-blanc-roig-border\" type=\"submit\" value=\"ENVIAR\" \/>\n\t<\/p>\n<\/div><div class=\"wpcf7-response-output\" aria-hidden=\"true\"><\/div>\n<\/form>\n<\/div>\n[\/et_pb_code][\/et_pb_column][et_pb_column type=\u00bb1_2&#8243; _builder_version=\u00bb4.5.6&#8243; _module_preset=\u00bbdefault\u00bb][et_pb_text _builder_version=\u00bb4.5.6&#8243; _module_preset=\u00bbdefault\u00bb]<\/p>\n<h3>Tarragona:<\/h3>\n<p><strong>Tel\u00e9fono y fax:<\/strong> 977 219 764 &#8211; 670 795 216<br \/>\n<strong>E-mail:<\/strong> tarragona@conficon-hostesses.com[\/et_pb_text][et_pb_text _builder_version=\u00bb4.5.6&#8243; _module_preset=\u00bbdefault\u00bb]<\/p>\n<h3>Tortosa:<\/h3>\n<p><strong>Tel\u00e9fon y fax:<\/strong> 977 443 174 &#8211; 670 795 217<br \/>\n<strong>E-mail:<\/strong> tortosa@conficon-hostesses.com[\/et_pb_text][et_pb_text _builder_version=\u00bb4.5.6&#8243; _module_preset=\u00bbdefault\u00bb hover_enabled=\u00bb0&#8243;]<\/p>\n<h3>Castell\u00f3n:<\/h3>\n<p><strong>Tel\u00e9fon:<\/strong> 653 937 204<br \/>\n<strong>E-mail:<\/strong> castellon@conficon-hostesses.com[\/et_pb_text][\/et_pb_column][\/et_pb_row][\/et_pb_section]<\/p>\n","protected":false},"excerpt":{"rendered":"<p>\n<div class=\"wpcf7 no-js\" id=\"wpcf7-f908-o2\" lang=\"es-ES\" dir=\"ltr\" data-wpcf7-id=\"908\">\n<div class=\"screen-reader-response\"><p role=\"status\" aria-live=\"polite\" aria-atomic=\"true\"><\/p> <ul><\/ul><\/div>\n<form action=\"\/es\/wp-json\/wp\/v2\/pages\/909#wpcf7-f908-o2\" method=\"post\" class=\"wpcf7-form init wpcf7-acceptance-as-validation\" aria-label=\"Formulario de contacto\" novalidate=\"novalidate\" data-status=\"init\">\n<fieldset class=\"hidden-fields-container\"><input type=\"hidden\" name=\"_wpcf7\" value=\"908\" \/><input type=\"hidden\" name=\"_wpcf7_version\" value=\"6.1.5\" \/><input type=\"hidden\" name=\"_wpcf7_locale\" value=\"es_ES\" \/><input type=\"hidden\" name=\"_wpcf7_unit_tag\" value=\"wpcf7-f908-o2\" \/><input type=\"hidden\" name=\"_wpcf7_container_post\" value=\"0\" \/><input type=\"hidden\" name=\"_wpcf7_posted_data_hash\" value=\"\" \/><input type=\"hidden\" name=\"_wpcf7_recaptcha_response\" value=\"\" \/>\n<\/fieldset>\n<p><label> Nombre<br \/>\n<span class=\"wpcf7-form-control-wrap\" data-name=\"nom\"><input size=\"40\" maxlength=\"400\" class=\"wpcf7-form-control wpcf7-text wpcf7-validates-as-required\" aria-required=\"true\" aria-invalid=\"false\" value=\"\" type=\"text\" name=\"nom\" \/><\/span> <\/label>\n<\/p>\n<p><label> Correo electr\u00f3nico<br \/>\n<span class=\"wpcf7-form-control-wrap\" data-name=\"email\"><input size=\"40\" maxlength=\"400\" class=\"wpcf7-form-control wpcf7-email wpcf7-validates-as-required wpcf7-text wpcf7-validates-as-email\" aria-required=\"true\" aria-invalid=\"false\" value=\"\" type=\"email\" name=\"email\" \/><\/span> <\/label>\n<\/p>\n<p><label> Tel\u00e9fono<br \/>\n<span class=\"wpcf7-form-control-wrap\" data-name=\"telefon\"><input size=\"40\" maxlength=\"400\" class=\"wpcf7-form-control wpcf7-tel wpcf7-text wpcf7-validates-as-tel\" aria-invalid=\"false\" value=\"\" type=\"tel\" name=\"telefon\" \/><\/span> <\/label>\n<\/p>\n<p><label> Mensaje<br \/>\n<span class=\"wpcf7-form-control-wrap\" data-name=\"missatge\"><textarea cols=\"40\" rows=\"10\" maxlength=\"2000\" class=\"wpcf7-form-control wpcf7-textarea\" aria-invalid=\"false\" name=\"missatge\"><\/textarea><\/span> <\/label>\n<\/p>\n<div style=\"margin-top:20px;margin-bottom:20px;\">\n\t<div class=\"et_pb_module et_pb_toggle et_pb_toggle_0 et_pb_toggle_item et_pb_toggle_close\">\n\t\t<h5 class=\"et_pb_toggle_title consentiment\">Leer el consentimiento para el tratamiento de datos personales\n\t\t<\/h5>\n\t\t<div class=\"et_pb_toggle_content clearfix\" style=\"display: none;\">\n\t\t\t<p><strong>CONFICON HOSTESSES, SL<\/strong> es el Responsable del tratamiento de los datos personales del Usuario y le informa que estos datos ser\u00e1n tratados de conformidad con lo dispuesto en el Reglamento (UE) 2016\/679 de 27 de abril (GDPR) y la Ley Org\u00e1nica 3\/2018 de 5 de diciembre (LOPDGDD), por lo que se le facilita la siguiente informaci\u00f3n del tratamiento:\n\t\t\t<\/p>\n\t\t\t<p><strong>Fin del tratamiento:<\/strong> Por inter\u00e9s leg\u00edtimo del responsable: mantener una relaci\u00f3n comercial. Por consentimiento del interesado: el env\u00edo de comunicaciones de productos y\/o servicios.\n\t\t\t<\/p>\n\t\t\t<p><strong>Criterios de conservaci\u00f3n de los datos:<\/strong> Se conservar\u00e1n durante no m\u00e1s tiempo del necesario para mantener el fin del tratamiento y cuando ya no sea necesario para tal fin, se suprimir\u00e1n con medidas de seguridad adecuadas para garantizar la seudonimizaci\u00f3n de los datos o la destrucci\u00f3n total de los mismos.\n\t\t\t<\/p>\n\t\t\t<p><strong>Comunicaci\u00f3n de los datos:<\/strong> No se comunicar\u00e1n los datos a terceros, salvo obligaci\u00f3n legal.\n\t\t\t<\/p>\n\t\t\t<p><strong>Derechos que asisten al Usuario:<\/strong>\n\t\t\t<\/p>\n\t\t\t<ul>\n\t\t\t\t<li>\n\t\t\t\t\t<p>Derecho a retirar el consentimiento en cualquier momento.\n\t\t\t\t\t<\/p>\n\t\t\t\t<\/li>\n\t\t\t\t<li>\n\t\t\t\t\t<p>Derecho de acceso, rectificaci\u00f3n, portabilidad y supresi\u00f3n de sus datos y a la limitaci\u00f3n u oposici\u00f3n al su tratamiento.\n\t\t\t\t\t<\/p>\n\t\t\t\t<\/li>\n\t\t\t\t<li>\n\t\t\t\t\t<p>Derecho a presentar una reclamaci\u00f3n ante la Autoridad de control (www.aepd.es) si considera que el tratamiento no se ajusta a la normativa vigente.\n\t\t\t\t\t<\/p>\n\t\t\t\t<\/li>\n\t\t\t<\/ul>\n\t\t\t<p><strong>Datos de contacto para ejercer sus derechos:<\/strong><br \/>\nDirecci\u00f3n postal: CONFICON HOSTESSES, SL. C\/Pintor Gimeno 1, Tortosa, 43500 Tarragona. Correo electr\u00f3nico: tortosa@conficon-hostesses.com.\n\t\t\t<\/p>\n\t\t\t<p>Para continuar usted debe aceptar que ha le\u00eddo y est\u00e1 conforme con la cl\u00e1usula anterior.\n\t\t\t<\/p>\n\t\t<\/div>\n\t<\/div>\n<\/div>\n<div class=\"contacte-accepto\">\n\t<p><span class=\"wpcf7-form-control-wrap\" data-name=\"your-consent\"><span class=\"wpcf7-form-control wpcf7-acceptance\"><span class=\"wpcf7-list-item\"><label><input type=\"checkbox\" name=\"your-consent\" value=\"1\" aria-invalid=\"false\" \/><span class=\"wpcf7-list-item-label\">He le\u00eddo y acepto la <a href=\"https:\/\/conficon-hostesses.com\/es\/politica-de-privacidad\/\" target=\"_blank\">pol\u00edtica de privacidad<\/a><\/span><\/label><\/span><\/span><\/span>\n\t<\/p>\n<\/div>\n<div class=\"contacte-captcha\" style=\"margin-bottom: 20px;\">\n<span class=\"wpcf7-form-control-wrap recaptcha\" data-name=\"recaptcha\"><span data-sitekey=\"6LedoNsUAAAAACmMNEvjTL2Ezhh_Ph9-j7MAZ1O4\" class=\"wpcf7-form-control wpcf7-recaptcha g-recaptcha\"><\/span>\r\n<noscript>\r\n\t<div class=\"grecaptcha-noscript\">\r\n\t\t<iframe loading=\"lazy\" src=\"https:\/\/www.google.com\/recaptcha\/api\/fallback?k=6LedoNsUAAAAACmMNEvjTL2Ezhh_Ph9-j7MAZ1O4\" frameborder=\"0\" scrolling=\"no\" width=\"310\" height=\"430\">\r\n\t\t<\/iframe>\r\n\t\t<textarea name=\"g-recaptcha-response\" rows=\"3\" cols=\"40\" placeholder=\"Aqu\u00ed la respuesta de reCAPTCHA\">\r\n\t\t<\/textarea>\r\n\t<\/div>\r\n<\/noscript>\r\n<\/span>\n<\/div>\n<div class=\"contacte-submit\">\n\t<p><input class=\"wpcf7-form-control wpcf7-submit has-spinner et_pb_button boto-blanc-roig boto-blanc-roig-border\" type=\"submit\" value=\"ENVIAR\" \/>\n\t<\/p>\n<\/div><div class=\"wpcf7-response-output\" aria-hidden=\"true\"><\/div>\n<\/form>\n<\/div>\nTarragona: Tel\u00e9fono y fax: 977 219 764 &#8211; 670 795 216 E-mail: tarragona@conficon-hostesses.comTortosa: Tel\u00e9fon y fax: 977 443 174 &#8211; 670 795 217 E-mail: tortosa@conficon-hostesses.comCastell\u00f3n: Tel\u00e9fon: 653 937 204 E-mail: castellon@conficon-hostesses.com<\/p>\n","protected":false},"author":1,"featured_media":0,"parent":0,"menu_order":0,"comment_status":"closed","ping_status":"closed","template":"","meta":{"_et_pb_use_builder":"on","_et_pb_old_content":"","_et_gb_content_width":"","footnotes":""},"class_list":["post-909","page","type-page","status-publish","hentry"],"yoast_head":"<!-- This site is optimized with the Yoast SEO plugin v26.8 - https:\/\/yoast.com\/product\/yoast-seo-wordpress\/ -->\n<title>Contactar - Conficon hostesses<\/title>\n<meta name=\"robots\" content=\"index, follow, max-snippet:-1, max-image-preview:large, max-video-preview:-1\" \/>\n<link rel=\"canonical\" href=\"https:\/\/conficon-hostesses.com\/es\/contactar\/\" \/>\n<meta property=\"og:locale\" content=\"es_ES\" \/>\n<meta property=\"og:type\" content=\"article\" \/>\n<meta property=\"og:title\" content=\"Contactar - Conficon hostesses\" \/>\n<meta property=\"og:description\" content=\"Tarragona: Tel\u00e9fono y fax: 977 219 764 - 670 795 216 E-mail: tarragona@conficon-hostesses.comTortosa: Tel\u00e9fon y fax: 977 443 174 - 670 795 217 E-mail: tortosa@conficon-hostesses.comCastell\u00f3n: Tel\u00e9fon: 653 937 204 E-mail: castellon@conficon-hostesses.com\" \/>\n<meta property=\"og:url\" content=\"https:\/\/conficon-hostesses.com\/es\/contactar\/\" \/>\n<meta property=\"og:site_name\" content=\"Conficon hostesses\" \/>\n<meta name=\"twitter:card\" content=\"summary_large_image\" \/>\n<meta name=\"twitter:label1\" content=\"Tiempo de lectura\" \/>\n\t<meta name=\"twitter:data1\" content=\"1 minuto\" \/>\n<script type=\"application\/ld+json\" class=\"yoast-schema-graph\">{\"@context\":\"https:\/\/schema.org\",\"@graph\":[{\"@type\":\"WebPage\",\"@id\":\"https:\/\/conficon-hostesses.com\/es\/contactar\/\",\"url\":\"https:\/\/conficon-hostesses.com\/es\/contactar\/\",\"name\":\"Contactar - Conficon hostesses\",\"isPartOf\":{\"@id\":\"https:\/\/conficon-hostesses.com\/es\/#website\"},\"datePublished\":\"2020-08-26T07:22:03+00:00\",\"breadcrumb\":{\"@id\":\"https:\/\/conficon-hostesses.com\/es\/contactar\/#breadcrumb\"},\"inLanguage\":\"es\",\"potentialAction\":[{\"@type\":\"ReadAction\",\"target\":[\"https:\/\/conficon-hostesses.com\/es\/contactar\/\"]}]},{\"@type\":\"BreadcrumbList\",\"@id\":\"https:\/\/conficon-hostesses.com\/es\/contactar\/#breadcrumb\",\"itemListElement\":[{\"@type\":\"ListItem\",\"position\":1,\"name\":\"Portada\",\"item\":\"https:\/\/conficon-hostesses.com\/es\/\"},{\"@type\":\"ListItem\",\"position\":2,\"name\":\"Contactar\"}]},{\"@type\":\"WebSite\",\"@id\":\"https:\/\/conficon-hostesses.com\/es\/#website\",\"url\":\"https:\/\/conficon-hostesses.com\/es\/\",\"name\":\"Conficon hostesses\",\"description\":\"\",\"publisher\":{\"@id\":\"https:\/\/conficon-hostesses.com\/es\/#organization\"},\"potentialAction\":[{\"@type\":\"SearchAction\",\"target\":{\"@type\":\"EntryPoint\",\"urlTemplate\":\"https:\/\/conficon-hostesses.com\/es\/?s={search_term_string}\"},\"query-input\":{\"@type\":\"PropertyValueSpecification\",\"valueRequired\":true,\"valueName\":\"search_term_string\"}}],\"inLanguage\":\"es\"},{\"@type\":\"Organization\",\"@id\":\"https:\/\/conficon-hostesses.com\/es\/#organization\",\"name\":\"Conficon hostesses\",\"url\":\"https:\/\/conficon-hostesses.com\/es\/\",\"logo\":{\"@type\":\"ImageObject\",\"inLanguage\":\"es\",\"@id\":\"https:\/\/conficon-hostesses.com\/es\/#\/schema\/logo\/image\/\",\"url\":\"https:\/\/conficon-hostesses.com\/wp-content\/uploads\/2020\/08\/logo-web.jpg\",\"contentUrl\":\"https:\/\/conficon-hostesses.com\/wp-content\/uploads\/2020\/08\/logo-web.jpg\",\"width\":151,\"height\":57,\"caption\":\"Conficon hostesses\"},\"image\":{\"@id\":\"https:\/\/conficon-hostesses.com\/es\/#\/schema\/logo\/image\/\"}}]}<\/script>\n<!-- \/ Yoast SEO plugin. -->","yoast_head_json":{"title":"Contactar - Conficon hostesses","robots":{"index":"index","follow":"follow","max-snippet":"max-snippet:-1","max-image-preview":"max-image-preview:large","max-video-preview":"max-video-preview:-1"},"canonical":"https:\/\/conficon-hostesses.com\/es\/contactar\/","og_locale":"es_ES","og_type":"article","og_title":"Contactar - Conficon hostesses","og_description":"Tarragona: Tel\u00e9fono y fax: 977 219 764 - 670 795 216 E-mail: tarragona@conficon-hostesses.comTortosa: Tel\u00e9fon y fax: 977 443 174 - 670 795 217 E-mail: tortosa@conficon-hostesses.comCastell\u00f3n: Tel\u00e9fon: 653 937 204 E-mail: castellon@conficon-hostesses.com","og_url":"https:\/\/conficon-hostesses.com\/es\/contactar\/","og_site_name":"Conficon hostesses","twitter_card":"summary_large_image","twitter_misc":{"Tiempo de lectura":"1 minuto"},"schema":{"@context":"https:\/\/schema.org","@graph":[{"@type":"WebPage","@id":"https:\/\/conficon-hostesses.com\/es\/contactar\/","url":"https:\/\/conficon-hostesses.com\/es\/contactar\/","name":"Contactar - Conficon hostesses","isPartOf":{"@id":"https:\/\/conficon-hostesses.com\/es\/#website"},"datePublished":"2020-08-26T07:22:03+00:00","breadcrumb":{"@id":"https:\/\/conficon-hostesses.com\/es\/contactar\/#breadcrumb"},"inLanguage":"es","potentialAction":[{"@type":"ReadAction","target":["https:\/\/conficon-hostesses.com\/es\/contactar\/"]}]},{"@type":"BreadcrumbList","@id":"https:\/\/conficon-hostesses.com\/es\/contactar\/#breadcrumb","itemListElement":[{"@type":"ListItem","position":1,"name":"Portada","item":"https:\/\/conficon-hostesses.com\/es\/"},{"@type":"ListItem","position":2,"name":"Contactar"}]},{"@type":"WebSite","@id":"https:\/\/conficon-hostesses.com\/es\/#website","url":"https:\/\/conficon-hostesses.com\/es\/","name":"Conficon hostesses","description":"","publisher":{"@id":"https:\/\/conficon-hostesses.com\/es\/#organization"},"potentialAction":[{"@type":"SearchAction","target":{"@type":"EntryPoint","urlTemplate":"https:\/\/conficon-hostesses.com\/es\/?s={search_term_string}"},"query-input":{"@type":"PropertyValueSpecification","valueRequired":true,"valueName":"search_term_string"}}],"inLanguage":"es"},{"@type":"Organization","@id":"https:\/\/conficon-hostesses.com\/es\/#organization","name":"Conficon hostesses","url":"https:\/\/conficon-hostesses.com\/es\/","logo":{"@type":"ImageObject","inLanguage":"es","@id":"https:\/\/conficon-hostesses.com\/es\/#\/schema\/logo\/image\/","url":"https:\/\/conficon-hostesses.com\/wp-content\/uploads\/2020\/08\/logo-web.jpg","contentUrl":"https:\/\/conficon-hostesses.com\/wp-content\/uploads\/2020\/08\/logo-web.jpg","width":151,"height":57,"caption":"Conficon hostesses"},"image":{"@id":"https:\/\/conficon-hostesses.com\/es\/#\/schema\/logo\/image\/"}}]}},"_links":{"self":[{"href":"https:\/\/conficon-hostesses.com\/es\/wp-json\/wp\/v2\/pages\/909","targetHints":{"allow":["GET"]}}],"collection":[{"href":"https:\/\/conficon-hostesses.com\/es\/wp-json\/wp\/v2\/pages"}],"about":[{"href":"https:\/\/conficon-hostesses.com\/es\/wp-json\/wp\/v2\/types\/page"}],"author":[{"embeddable":true,"href":"https:\/\/conficon-hostesses.com\/es\/wp-json\/wp\/v2\/users\/1"}],"replies":[{"embeddable":true,"href":"https:\/\/conficon-hostesses.com\/es\/wp-json\/wp\/v2\/comments?post=909"}],"version-history":[{"count":2,"href":"https:\/\/conficon-hostesses.com\/es\/wp-json\/wp\/v2\/pages\/909\/revisions"}],"predecessor-version":[{"id":911,"href":"https:\/\/conficon-hostesses.com\/es\/wp-json\/wp\/v2\/pages\/909\/revisions\/911"}],"wp:attachment":[{"href":"https:\/\/conficon-hostesses.com\/es\/wp-json\/wp\/v2\/media?parent=909"}],"curies":[{"name":"wp","href":"https:\/\/api.w.org\/{rel}","templated":true}]}}