{"id":912,"date":"2020-08-26T07:51:02","date_gmt":"2020-08-26T07:51:02","guid":{"rendered":"https:\/\/globals.app\/hostesses\/home\/"},"modified":"2020-10-02T06:22:56","modified_gmt":"2020-10-02T06:22:56","slug":"home","status":"publish","type":"page","link":"https:\/\/conficon-hostesses.com\/es\/","title":{"rendered":"Home"},"content":{"rendered":"<p>[et_pb_section fb_built=\u00bb1&#8243; fullwidth=\u00bbon\u00bb admin_label=\u00bbSlider\u00bb _builder_version=\u00bb4.5.6&#8243; _module_preset=\u00bbdefault\u00bb bottom_divider_style=\u00bbcurve\u00bb bottom_divider_color=\u00bb#ffffff\u00bb][et_pb_fullwidth_slider module_class=\u00bbhome_slider\u00bb _builder_version=\u00bb4.6.0&#8243; _module_preset=\u00bbdefault\u00bb header_level=\u00bbh1&#8243; header_text_color=\u00bb#272727&#8243; background_color=\u00bb#F8F8F8&#8243;][et_pb_slide button_text=\u00bbCon\u00f3cenos\u00bb button_link=\u00bb@ET-DC@eyJkeW5hbWljIjp0cnVlLCJjb250ZW50IjoicG9zdF9saW5rX3VybF9wYWdlIiwic2V0dGluZ3MiOnsicG9zdF9pZCI6IjIwIn19@\u00bb image=\u00bbhttps:\/\/conficon-hostesses.com\/wp-content\/uploads\/2020\/09\/conficon_hostesses.png\u00bb _builder_version=\u00bb4.6.0&#8243; _dynamic_attributes=\u00bbbutton_link\u00bb _module_preset=\u00bbdefault\u00bb header_text_color=\u00bb#272727&#8243; body_font_size=\u00bb20px\u00bb custom_button=\u00bbon\u00bb button_bg_color=\u00bb#d7001d\u00bb button_border_width=\u00bb2px\u00bb button_border_color=\u00bb#d7001d\u00bb button_border_radius=\u00bb5px\u00bb button_border_width__hover_enabled=\u00bboff|desktop\u00bb button_text_color__hover_enabled=\u00bbon|desktop\u00bb button_text_color__hover=\u00bb#d7001d\u00bb button_bg_color__hover_enabled=\u00bbon|hover\u00bb button_bg_color__hover=\u00bb#ffffff\u00bb button_bg_enable_color__hover=\u00bbon\u00bb sticky_transition=\u00bbon\u00bb]<\/p>\n<h1>Conficon Hostesses<\/h1>\n<p class=\"text-roig\">Especialistas en efectos y soportes de marketing y comunicaci\u00f3n para todo tipo de eventos. Agencia de azafatos y azafatas para convenciones, personal de apoyo para actos deportivos, inauguraciones, demostraciones de nuevos productos&#8230;<\/p>\n<p>[\/et_pb_slide][\/et_pb_fullwidth_slider][\/et_pb_section][et_pb_section fb_built=\u00bb1&#8243; admin_label=\u00bbIcones\u00bb _builder_version=\u00bb3.22&#8243;][et_pb_row column_structure=\u00bb1_3,1_3,1_3&#8243; _builder_version=\u00bb3.25&#8243; background_size=\u00bbinitial\u00bb background_position=\u00bbtop_left\u00bb background_repeat=\u00bbrepeat\u00bb][et_pb_column type=\u00bb1_3&#8243; _builder_version=\u00bb3.25&#8243; custom_padding=\u00bb|||\u00bb custom_padding__hover=\u00bb|||\u00bb][et_pb_blurb title=\u00bbBolsa de trabajo\u00bb image=\u00bbhttps:\/\/conficon-hostesses.com\/wp-content\/uploads\/2020\/09\/q-02.png\u00bb _builder_version=\u00bb4.6.1&#8243; _dynamic_attributes=\u00bblink_option_url\u00bb _module_preset=\u00bbdefault\u00bb header_font=\u00bb|800|||||||\u00bb header_text_align=\u00bbcenter\u00bb header_font_size=\u00bb20px\u00bb body_text_align=\u00bbcenter\u00bb animation=\u00bboff\u00bb link_option_url=\u00bb@ET-DC@eyJkeW5hbWljIjp0cnVlLCJjb250ZW50IjoicG9zdF9saW5rX3VybF9wYWdlIiwic2V0dGluZ3MiOnsicG9zdF9pZCI6IjI0In19@\u00bb image__hover_enabled=\u00bbon|hover\u00bb image__hover=\u00bbhttps:\/\/conficon-hostesses.com\/wp-content\/uploads\/2020\/09\/q-07.png\u00bb]<\/p>\n<p>\u00a1Ap\u00fantate a la bolsa de trabajo y trabaja con nosotros!<\/p>\n<p>[\/et_pb_blurb][\/et_pb_column][et_pb_column type=\u00bb1_3&#8243; _builder_version=\u00bb3.25&#8243; custom_padding=\u00bb|||\u00bb custom_padding__hover=\u00bb|||\u00bb][et_pb_blurb title=\u00bbUniformes\u00bb image=\u00bbhttps:\/\/conficon-hostesses.com\/wp-content\/uploads\/2020\/09\/q-03.png\u00bb _builder_version=\u00bb4.6.1&#8243; _dynamic_attributes=\u00bblink_option_url\u00bb _module_preset=\u00bbdefault\u00bb header_font=\u00bb|800|||||||\u00bb header_text_align=\u00bbcenter\u00bb header_font_size=\u00bb20px\u00bb body_text_align=\u00bbcenter\u00bb animation=\u00bboff\u00bb link_option_url=\u00bbhttps:\/\/conficon-hostesses.com\/es\/uniformes\/\u00bb image__hover_enabled=\u00bbon|hover\u00bb image__hover=\u00bbhttps:\/\/conficon-hostesses.com\/wp-content\/uploads\/2020\/09\/q-08.png\u00bb]<\/p>\n<p>Aqu\u00ed pod\u00e9is encontrar nuestras propuestas de uniformes y combinaci\u00f3n de colores con pa\u00f1uelos y corbatas.<\/p>\n<p>[\/et_pb_blurb][\/et_pb_column][et_pb_column type=\u00bb1_3&#8243; _builder_version=\u00bb3.25&#8243; custom_padding=\u00bb|||\u00bb custom_padding__hover=\u00bb|||\u00bb][et_pb_blurb title=\u00bbServicios\u00bb image=\u00bbhttps:\/\/conficon-hostesses.com\/wp-content\/uploads\/2020\/09\/q-04.png\u00bb _builder_version=\u00bb4.6.1&#8243; _dynamic_attributes=\u00bblink_option_url\u00bb _module_preset=\u00bbdefault\u00bb header_font=\u00bb|800|||||||\u00bb header_text_align=\u00bbcenter\u00bb header_font_size=\u00bb20px\u00bb body_text_align=\u00bbcenter\u00bb animation=\u00bboff\u00bb link_option_url=\u00bbhttps:\/\/conficon-hostesses.com\/es\/servicios\/\u00bb image__hover_enabled=\u00bbon|hover\u00bb image__hover=\u00bbhttps:\/\/conficon-hostesses.com\/wp-content\/uploads\/2020\/09\/q-09.png\u00bb]<\/p>\n<p>Consultad la variedad de Servicios que os podemos dar desde nuestra empresa.<\/p>\n<p>[\/et_pb_blurb][\/et_pb_column][\/et_pb_row][\/et_pb_section][et_pb_section fb_built=\u00bb1&#8243; admin_label=\u00bbSeccio\u00bb _builder_version=\u00bb4.5.6&#8243; background_color=\u00bb#F8F8F8&#8243; collapsed=\u00bboff\u00bb][et_pb_row column_structure=\u00bb1_2,1_2&#8243; make_equal=\u00bbon\u00bb module_class=\u00bbcentrar-columnes\u00bb _builder_version=\u00bb4.4.3&#8243;][et_pb_column type=\u00bb1_2&#8243; _builder_version=\u00bb4.4.3&#8243;][et_pb_image src=\u00bbhttps:\/\/conficon-hostesses.com\/wp-content\/uploads\/2020\/08\/2.jpg\u00bb _builder_version=\u00bb4.4.3&#8243;][\/et_pb_image][\/et_pb_column][et_pb_column type=\u00bb1_2&#8243; _builder_version=\u00bb4.4.3&#8243;][et_pb_text _builder_version=\u00bb4.5.6&#8243;]<\/p>\n<h2>\u00bfPor qu\u00e9 elegirnos?<\/h2>\n<p>[\/et_pb_text][et_pb_text module_class=\u00bbhome_llistat\u00bb _builder_version=\u00bb4.5.6&#8243;]<\/p>\n<ul>\n<li><span class=\"et-pb-icon\">R<\/span>Disponemos de personal cualificado para cada necesidad<\/li>\n<li><span class=\"et-pb-icon\">R<\/span>Ofrecemos un servicio profesional y atenci\u00f3n personalizada<\/li>\n<li><span class=\"et-pb-icon\">R<\/span>Nos adaptamos a tus necesidades<\/li>\n<li><span class=\"et-pb-icon\">R<\/span>M\u00e1s de 20 a\u00f1os de experiencia (desde 1995)<\/li>\n<li><span class=\"et-pb-icon\">R<\/span>Garant\u00eda de \u00e9xito y satisfacci\u00f3n<\/li>\n<li><span class=\"et-pb-icon\">R<\/span>Nos encargamos de todo, no tendr\u00e1 que preocuparse de nada<\/li>\n<li><span class=\"et-pb-icon\">R<\/span>Formalizaci\u00f3n del contrato laboral y la alta a la Seguridad Social<\/li>\n<li><span class=\"et-pb-icon\">R<\/span>Formaci\u00f3n del personal para cada puesto de trabajo<\/li>\n<li><span class=\"et-pb-icon\">R<\/span>Sustituci\u00f3n del azafato \/ azafata en caso de necesidad<\/li>\n<li><span class=\"et-pb-icon\">R<\/span>Uniforme y traje corporativo<\/li>\n<li><span class=\"et-pb-icon\">R<\/span>Supervisi\u00f3n y valoraci\u00f3n del trabajo desarrollado<\/li>\n<\/ul>\n<p>[\/et_pb_text][\/et_pb_column][\/et_pb_row][\/et_pb_section][et_pb_section fb_built=\u00bb1&#8243; admin_label=\u00bbCTA conficon\u00bb _builder_version=\u00bb4.5.6&#8243; _module_preset=\u00bbdefault\u00bb background_image=\u00bbhttps:\/\/conficon-hostesses.com\/wp-content\/uploads\/2020\/08\/conficon.jpg\u00bb custom_padding=\u00bb69px||69px||false|false\u00bb saved_tabs=\u00bball\u00bb][et_pb_row _builder_version=\u00bb4.5.6&#8243; _module_preset=\u00bbdefault\u00bb][et_pb_column type=\u00bb4_4&#8243; _builder_version=\u00bb4.5.6&#8243; _module_preset=\u00bbdefault\u00bb][et_pb_text _builder_version=\u00bb4.5.6&#8243; _module_preset=\u00bbdefault\u00bb header_text_align=\u00bbcenter\u00bb header_2_text_align=\u00bbcenter\u00bb text_orientation=\u00bbcenter\u00bb]<\/p>\n<p class=\"h4 text-blanc sombra\">\u00bfBuscas experiencias tur\u00edsticas?<\/p>\n<h2 class=\"h1 text-blanc sombra\">Visita Conficon Turisme<\/h2>\n<p>[\/et_pb_text][et_pb_button button_url=\u00bbhttps:\/\/conficon-turisme.com\/\u00bb url_new_window=\u00bbon\u00bb button_text=\u00bbVe a nuestra web\u00bb button_alignment=\u00bbcenter\u00bb module_class=\u00bbboto-blanc-roig\u00bb _builder_version=\u00bb4.5.6&#8243; _module_preset=\u00bbdefault\u00bb][\/et_pb_button][\/et_pb_column][\/et_pb_row][\/et_pb_section][et_pb_section fb_built=\u00bb1&#8243; disabled_on=\u00bbon|on|on\u00bb admin_label=\u00bbInstagram\u00bb _builder_version=\u00bb4.6.0&#8243; _module_preset=\u00bbdefault\u00bb disabled=\u00bbon\u00bb][et_pb_row _builder_version=\u00bb4.5.6&#8243; _module_preset=\u00bbdefault\u00bb][et_pb_column type=\u00bb4_4&#8243; _builder_version=\u00bb4.5.6&#8243; _module_preset=\u00bbdefault\u00bb][et_pb_text _builder_version=\u00bb4.5.6&#8243; _module_preset=\u00bbdefault\u00bb header_4_text_align=\u00bbcenter\u00bb]<\/p>\n<h4>\u00a1Visita nuestro instagram!<\/h4>\n<p>[\/et_pb_text][\/et_pb_column][\/et_pb_row][\/et_pb_section]<\/p>\n","protected":false},"excerpt":{"rendered":"<p>Conficon Hostesses Especialistas en efectos y soportes de marketing y comunicaci\u00f3n para todo tipo de eventos. Agencia de azafatos y azafatas para convenciones, personal de apoyo para actos deportivos, inauguraciones, demostraciones de nuevos productos&#8230;\u00a1Ap\u00fantate a la bolsa de trabajo y trabaja con nosotros!Aqu\u00ed pod\u00e9is encontrar nuestras propuestas de uniformes y combinaci\u00f3n de colores con pa\u00f1uelos [&hellip;]<\/p>\n","protected":false},"author":1,"featured_media":0,"parent":0,"menu_order":0,"comment_status":"closed","ping_status":"closed","template":"","meta":{"_et_pb_use_builder":"on","_et_pb_old_content":"","_et_gb_content_width":"","footnotes":""},"class_list":["post-912","page","type-page","status-publish","hentry"],"yoast_head":"<!-- This site is optimized with the Yoast SEO plugin v26.8 - https:\/\/yoast.com\/product\/yoast-seo-wordpress\/ -->\n<title>Home - Conficon hostesses<\/title>\n<meta name=\"robots\" content=\"index, follow, max-snippet:-1, max-image-preview:large, max-video-preview:-1\" \/>\n<link rel=\"canonical\" href=\"https:\/\/conficon-hostesses.com\/es\/\" \/>\n<meta property=\"og:locale\" content=\"es_ES\" \/>\n<meta property=\"og:type\" content=\"article\" \/>\n<meta property=\"og:title\" content=\"Home - Conficon hostesses\" \/>\n<meta property=\"og:description\" content=\"Conficon Hostesses Especialistas en efectos y soportes de marketing y comunicaci\u00f3n para todo tipo de eventos. Agencia de azafatos y azafatas para convenciones, personal de apoyo para actos deportivos, inauguraciones, demostraciones de nuevos productos...\u00a1Ap\u00fantate a la bolsa de trabajo y trabaja con nosotros!Aqu\u00ed pod\u00e9is encontrar nuestras propuestas de uniformes y combinaci\u00f3n de colores con pa\u00f1uelos [&hellip;]\" \/>\n<meta property=\"og:url\" content=\"https:\/\/conficon-hostesses.com\/es\/\" \/>\n<meta property=\"og:site_name\" content=\"Conficon hostesses\" \/>\n<meta property=\"article:modified_time\" content=\"2020-10-02T06:22:56+00:00\" \/>\n<meta name=\"twitter:card\" content=\"summary_large_image\" \/>\n<meta name=\"twitter:label1\" content=\"Tiempo de lectura\" \/>\n\t<meta name=\"twitter:data1\" content=\"4 minutos\" \/>\n<script type=\"application\/ld+json\" class=\"yoast-schema-graph\">{\"@context\":\"https:\/\/schema.org\",\"@graph\":[{\"@type\":\"WebPage\",\"@id\":\"https:\/\/conficon-hostesses.com\/es\/\",\"url\":\"https:\/\/conficon-hostesses.com\/es\/\",\"name\":\"Home - Conficon hostesses\",\"isPartOf\":{\"@id\":\"https:\/\/conficon-hostesses.com\/es\/#website\"},\"datePublished\":\"2020-08-26T07:51:02+00:00\",\"dateModified\":\"2020-10-02T06:22:56+00:00\",\"breadcrumb\":{\"@id\":\"https:\/\/conficon-hostesses.com\/es\/#breadcrumb\"},\"inLanguage\":\"es\",\"potentialAction\":[{\"@type\":\"ReadAction\",\"target\":[\"https:\/\/conficon-hostesses.com\/es\/\"]}]},{\"@type\":\"BreadcrumbList\",\"@id\":\"https:\/\/conficon-hostesses.com\/es\/#breadcrumb\",\"itemListElement\":[{\"@type\":\"ListItem\",\"position\":1,\"name\":\"Portada\",\"item\":\"https:\/\/conficon-hostesses.com\/es\/\"},{\"@type\":\"ListItem\",\"position\":2,\"name\":\"Home\"}]},{\"@type\":\"WebSite\",\"@id\":\"https:\/\/conficon-hostesses.com\/es\/#website\",\"url\":\"https:\/\/conficon-hostesses.com\/es\/\",\"name\":\"Conficon hostesses\",\"description\":\"\",\"publisher\":{\"@id\":\"https:\/\/conficon-hostesses.com\/es\/#organization\"},\"potentialAction\":[{\"@type\":\"SearchAction\",\"target\":{\"@type\":\"EntryPoint\",\"urlTemplate\":\"https:\/\/conficon-hostesses.com\/es\/?s={search_term_string}\"},\"query-input\":{\"@type\":\"PropertyValueSpecification\",\"valueRequired\":true,\"valueName\":\"search_term_string\"}}],\"inLanguage\":\"es\"},{\"@type\":\"Organization\",\"@id\":\"https:\/\/conficon-hostesses.com\/es\/#organization\",\"name\":\"Conficon hostesses\",\"url\":\"https:\/\/conficon-hostesses.com\/es\/\",\"logo\":{\"@type\":\"ImageObject\",\"inLanguage\":\"es\",\"@id\":\"https:\/\/conficon-hostesses.com\/es\/#\/schema\/logo\/image\/\",\"url\":\"https:\/\/conficon-hostesses.com\/wp-content\/uploads\/2020\/08\/logo-web.jpg\",\"contentUrl\":\"https:\/\/conficon-hostesses.com\/wp-content\/uploads\/2020\/08\/logo-web.jpg\",\"width\":151,\"height\":57,\"caption\":\"Conficon hostesses\"},\"image\":{\"@id\":\"https:\/\/conficon-hostesses.com\/es\/#\/schema\/logo\/image\/\"}}]}<\/script>\n<!-- \/ Yoast SEO plugin. -->","yoast_head_json":{"title":"Home - Conficon hostesses","robots":{"index":"index","follow":"follow","max-snippet":"max-snippet:-1","max-image-preview":"max-image-preview:large","max-video-preview":"max-video-preview:-1"},"canonical":"https:\/\/conficon-hostesses.com\/es\/","og_locale":"es_ES","og_type":"article","og_title":"Home - Conficon hostesses","og_description":"Conficon Hostesses Especialistas en efectos y soportes de marketing y comunicaci\u00f3n para todo tipo de eventos. Agencia de azafatos y azafatas para convenciones, personal de apoyo para actos deportivos, inauguraciones, demostraciones de nuevos productos...\u00a1Ap\u00fantate a la bolsa de trabajo y trabaja con nosotros!Aqu\u00ed pod\u00e9is encontrar nuestras propuestas de uniformes y combinaci\u00f3n de colores con pa\u00f1uelos [&hellip;]","og_url":"https:\/\/conficon-hostesses.com\/es\/","og_site_name":"Conficon hostesses","article_modified_time":"2020-10-02T06:22:56+00:00","twitter_card":"summary_large_image","twitter_misc":{"Tiempo de lectura":"4 minutos"},"schema":{"@context":"https:\/\/schema.org","@graph":[{"@type":"WebPage","@id":"https:\/\/conficon-hostesses.com\/es\/","url":"https:\/\/conficon-hostesses.com\/es\/","name":"Home - Conficon hostesses","isPartOf":{"@id":"https:\/\/conficon-hostesses.com\/es\/#website"},"datePublished":"2020-08-26T07:51:02+00:00","dateModified":"2020-10-02T06:22:56+00:00","breadcrumb":{"@id":"https:\/\/conficon-hostesses.com\/es\/#breadcrumb"},"inLanguage":"es","potentialAction":[{"@type":"ReadAction","target":["https:\/\/conficon-hostesses.com\/es\/"]}]},{"@type":"BreadcrumbList","@id":"https:\/\/conficon-hostesses.com\/es\/#breadcrumb","itemListElement":[{"@type":"ListItem","position":1,"name":"Portada","item":"https:\/\/conficon-hostesses.com\/es\/"},{"@type":"ListItem","position":2,"name":"Home"}]},{"@type":"WebSite","@id":"https:\/\/conficon-hostesses.com\/es\/#website","url":"https:\/\/conficon-hostesses.com\/es\/","name":"Conficon hostesses","description":"","publisher":{"@id":"https:\/\/conficon-hostesses.com\/es\/#organization"},"potentialAction":[{"@type":"SearchAction","target":{"@type":"EntryPoint","urlTemplate":"https:\/\/conficon-hostesses.com\/es\/?s={search_term_string}"},"query-input":{"@type":"PropertyValueSpecification","valueRequired":true,"valueName":"search_term_string"}}],"inLanguage":"es"},{"@type":"Organization","@id":"https:\/\/conficon-hostesses.com\/es\/#organization","name":"Conficon hostesses","url":"https:\/\/conficon-hostesses.com\/es\/","logo":{"@type":"ImageObject","inLanguage":"es","@id":"https:\/\/conficon-hostesses.com\/es\/#\/schema\/logo\/image\/","url":"https:\/\/conficon-hostesses.com\/wp-content\/uploads\/2020\/08\/logo-web.jpg","contentUrl":"https:\/\/conficon-hostesses.com\/wp-content\/uploads\/2020\/08\/logo-web.jpg","width":151,"height":57,"caption":"Conficon hostesses"},"image":{"@id":"https:\/\/conficon-hostesses.com\/es\/#\/schema\/logo\/image\/"}}]}},"_links":{"self":[{"href":"https:\/\/conficon-hostesses.com\/es\/wp-json\/wp\/v2\/pages\/912","targetHints":{"allow":["GET"]}}],"collection":[{"href":"https:\/\/conficon-hostesses.com\/es\/wp-json\/wp\/v2\/pages"}],"about":[{"href":"https:\/\/conficon-hostesses.com\/es\/wp-json\/wp\/v2\/types\/page"}],"author":[{"embeddable":true,"href":"https:\/\/conficon-hostesses.com\/es\/wp-json\/wp\/v2\/users\/1"}],"replies":[{"embeddable":true,"href":"https:\/\/conficon-hostesses.com\/es\/wp-json\/wp\/v2\/comments?post=912"}],"version-history":[{"count":11,"href":"https:\/\/conficon-hostesses.com\/es\/wp-json\/wp\/v2\/pages\/912\/revisions"}],"predecessor-version":[{"id":1462,"href":"https:\/\/conficon-hostesses.com\/es\/wp-json\/wp\/v2\/pages\/912\/revisions\/1462"}],"wp:attachment":[{"href":"https:\/\/conficon-hostesses.com\/es\/wp-json\/wp\/v2\/media?parent=912"}],"curies":[{"name":"wp","href":"https:\/\/api.w.org\/{rel}","templated":true}]}}